{"id":600,"date":"2024-04-15T14:59:21","date_gmt":"2024-04-15T12:59:21","guid":{"rendered":"https:\/\/zsmikulasezhusi.cz\/?page_id=600"},"modified":"2024-05-28T10:54:18","modified_gmt":"2024-05-28T08:54:18","slug":"digitalizujeme-skolu","status":"publish","type":"page","link":"https:\/\/zsmikulasezhusi.cz\/?page_id=600","title":{"rendered":"DIGITALIZUJEME \u0160KOLU"},"content":{"rendered":"\n<p><\/p>\n\n\n\n<p class=\"has-text-align-center has-vivid-cyan-blue-color has-text-color has-link-color has-large-font-size wp-elements-e37768f49c1df729e37a132d68d60a1f\"> REALIZACE INVESTICE N\u00c1RODN\u00cdHO<\/p>\n\n\n\n<p class=\"has-text-align-center has-vivid-cyan-blue-color has-text-color has-link-color has-large-font-size wp-elements-46c82ceb36b08a36ff96bc6ef91d4be9\"> PL\u00c1NU OBNOVY \u2013 KOMPONENTA 3.1<\/p>\n\n\n\n<p class=\"has-text-align-left\"><strong>V r\u00e1mci Investice \u010d. 2: Vybaven\u00ed \u0161kol digit\u00e1ln\u00edmi technologiemi<\/strong> <em>z komponenty 3.1 Inovace ve vzd\u011bl\u00e1v\u00e1n\u00ed v kontextu digitalizace z N\u00e1rodn\u00edho pl\u00e1nu obnovy<\/em> vynalo\u017eila \u0161kola finan\u010dn\u00ed prost\u0159edky k dosa\u017een\u00ed c\u00edle \u010d. 172 zakoupen\u00edm digit\u00e1ln\u00edch technologi\u00ed a vybaven\u00ed za \u00fa\u010delem d\u00e1lkov\u00e9ho studia.<\/p>\n\n\n\n<p class=\"has-text-align-left\"><br><strong>V r\u00e1mci Investice \u010d. 2: Vybaven\u00ed \u0161kol digit\u00e1ln\u00edmi technologiemi<\/strong><br><em>z komponenty 3.1 Inovace ve vzd\u011bl\u00e1v\u00e1n\u00ed v kontextu digitalizace z N\u00e1rodn\u00edho pl\u00e1nu obnovy<\/em> vynalo\u017eila \u0161kola finan\u010dn\u00ed prost\u0159edky: <\/p>\n\n\n\n<p class=\"has-text-align-left\">k dosa\u017een\u00ed c\u00edle \u010d. 173 zakoupen\u00edm IT za\u0159\u00edzen\u00ed do \u0161koln\u00edho fondu mobiln\u00edch digit\u00e1ln\u00edch za\u0159\u00edzen\u00ed pro znev\u00fdhodn\u011bn\u00e9 \u017e\u00e1ky (prevence digit\u00e1ln\u00ed propasti);<\/p>\n\n\n\n<p class=\"has-text-align-left\">k dosa\u017een\u00ed c\u00edle \u010d. 174 zakoupen\u00edm digit\u00e1ln\u00edch technologi\u00ed a vybaven\u00ed na podporu digit\u00e1ln\u00ed gramotnosti a zaveden\u00edm nov\u00fdch vzd\u011bl\u00e1vac\u00edch program\u016f v oblasti IT.<\/p>\n\n\n<div class=\"wp-block-image\">\n<figure class=\"aligncenter size-full\"><img loading=\"lazy\" decoding=\"async\" width=\"666\" height=\"368\" src=\"https:\/\/zsmikulasezhusi.cz\/wp-content\/uploads\/2024\/04\/Snimek-obrazovky-2024-04-15-145839.png\" alt=\"\" class=\"wp-image-601\" srcset=\"https:\/\/zsmikulasezhusi.cz\/wp-content\/uploads\/2024\/04\/Snimek-obrazovky-2024-04-15-145839.png 666w, https:\/\/zsmikulasezhusi.cz\/wp-content\/uploads\/2024\/04\/Snimek-obrazovky-2024-04-15-145839-300x166.png 300w\" sizes=\"auto, (max-width: 666px) 100vw, 666px\" \/><\/figure>\n<\/div>","protected":false},"excerpt":{"rendered":"<p>REALIZACE INVESTICE N\u00c1RODN\u00cdHO PL\u00c1NU OBNOVY \u2013 KOMPONENTA 3.1 V r\u00e1mci Investice \u010d. 2: Vybaven\u00ed \u0161kol digit\u00e1ln\u00edmi technologiemi z komponenty 3.1 &hellip; <\/p>\n","protected":false},"author":1,"featured_media":0,"parent":0,"menu_order":0,"comment_status":"closed","ping_status":"closed","template":"","meta":{"_editorskit_title_hidden":false,"_editorskit_reading_time":0,"_editorskit_is_block_options_detached":false,"_editorskit_block_options_position":"{}","footnotes":""},"class_list":["post-600","page","type-page","status-publish","hentry"],"featured_image_src":"","featured_image_src_square":false,"rbea_author_info":{"display_name":"admin","author_link":"https:\/\/zsmikulasezhusi.cz\/?author=1"},"rbea_excerpt_info":"REALIZACE INVESTICE N\u00c1RODN\u00cdHO PL\u00c1NU OBNOVY \u2013 KOMPONENTA 3.1 V r\u00e1mci Investice \u010d. 2: Vybaven\u00ed \u0161kol digit\u00e1ln\u00edmi technologiemi z komponenty 3.1 &hellip; ","_links":{"self":[{"href":"https:\/\/zsmikulasezhusi.cz\/index.php?rest_route=\/wp\/v2\/pages\/600","targetHints":{"allow":["GET"]}}],"collection":[{"href":"https:\/\/zsmikulasezhusi.cz\/index.php?rest_route=\/wp\/v2\/pages"}],"about":[{"href":"https:\/\/zsmikulasezhusi.cz\/index.php?rest_route=\/wp\/v2\/types\/page"}],"author":[{"embeddable":true,"href":"https:\/\/zsmikulasezhusi.cz\/index.php?rest_route=\/wp\/v2\/users\/1"}],"replies":[{"embeddable":true,"href":"https:\/\/zsmikulasezhusi.cz\/index.php?rest_route=%2Fwp%2Fv2%2Fcomments&post=600"}],"version-history":[{"count":7,"href":"https:\/\/zsmikulasezhusi.cz\/index.php?rest_route=\/wp\/v2\/pages\/600\/revisions"}],"predecessor-version":[{"id":873,"href":"https:\/\/zsmikulasezhusi.cz\/index.php?rest_route=\/wp\/v2\/pages\/600\/revisions\/873"}],"wp:attachment":[{"href":"https:\/\/zsmikulasezhusi.cz\/index.php?rest_route=%2Fwp%2Fv2%2Fmedia&parent=600"}],"curies":[{"name":"wp","href":"https:\/\/api.w.org\/{rel}","templated":true}]}}