{"id":59,"date":"2024-01-26T10:02:06","date_gmt":"2024-01-26T09:02:06","guid":{"rendered":"http:\/\/341776.w76.wedos.ws\/?page_id=59"},"modified":"2024-10-31T12:01:22","modified_gmt":"2024-10-31T11:01:22","slug":"zasady-ochrany-osobnich-udaju","status":"publish","type":"page","link":"https:\/\/zsmikulasezhusi.cz\/?page_id=59","title":{"rendered":"Z\u00e1sady ochrany osobn\u00edch \u00fadaj\u016f"},"content":{"rendered":"\n<p><\/p>\n\n\n\n<h2 class=\"wp-block-heading\">Vlo\u017een\u00fd obsah z dal\u0161\u00edch web\u016f<\/h2>\n\n\n\n<p>P\u0159\u00edsp\u011bvky na t\u011bchto str\u00e1nk\u00e1ch mohou obsahovat vlo\u017een\u00fd obsah (nap\u0159\u00edklad videa, obr\u00e1zky, \u010dl\u00e1nky atd.). Vlo\u017een\u00fd obsah z jin\u00fdch webov\u00fdch str\u00e1nek se chov\u00e1 stejn\u00fdm zp\u016fsobem, jako kdyby n\u00e1v\u0161t\u011bvn\u00edk nav\u0161t\u00edvil jin\u00fd web.<\/p>\n\n\n\n<p>Tyto webov\u00e9 str\u00e1nky mohou shroma\u017e\u010fovat data o v\u00e1s, pou\u017e\u00edvat soubory cookies, vkl\u00e1dat dal\u0161\u00ed sledov\u00e1n\u00ed od t\u0159et\u00edch stran a sledovat va\u0161i interakci s t\u00edmto vlo\u017een\u00fdm obsahem, v\u010detn\u011b sledov\u00e1n\u00ed interakce s vlo\u017een\u00fdm obsahem, pokud m\u00e1te \u00fa\u010det a jste p\u0159ihl\u00e1\u0161eni na danou webovou str\u00e1nku.<\/p>\n","protected":false},"excerpt":{"rendered":"<p>Vlo\u017een\u00fd obsah z dal\u0161\u00edch web\u016f P\u0159\u00edsp\u011bvky na t\u011bchto str\u00e1nk\u00e1ch mohou obsahovat vlo\u017een\u00fd obsah (nap\u0159\u00edklad videa, obr\u00e1zky, \u010dl\u00e1nky atd.). Vlo\u017een\u00fd obsah &hellip; <\/p>\n","protected":false},"author":1,"featured_media":0,"parent":0,"menu_order":0,"comment_status":"closed","ping_status":"closed","template":"","meta":{"_editorskit_title_hidden":false,"_editorskit_reading_time":0,"_editorskit_is_block_options_detached":false,"_editorskit_block_options_position":"{}","footnotes":""},"class_list":["post-59","page","type-page","status-publish","hentry"],"featured_image_src":"","featured_image_src_square":false,"rbea_author_info":{"display_name":"admin","author_link":"https:\/\/zsmikulasezhusi.cz\/?author=1"},"rbea_excerpt_info":"Vlo\u017een\u00fd obsah z dal\u0161\u00edch web\u016f P\u0159\u00edsp\u011bvky na t\u011bchto str\u00e1nk\u00e1ch mohou obsahovat vlo\u017een\u00fd obsah (nap\u0159\u00edklad videa, obr\u00e1zky, \u010dl\u00e1nky atd.). Vlo\u017een\u00fd obsah &hellip; ","_links":{"self":[{"href":"https:\/\/zsmikulasezhusi.cz\/index.php?rest_route=\/wp\/v2\/pages\/59","targetHints":{"allow":["GET"]}}],"collection":[{"href":"https:\/\/zsmikulasezhusi.cz\/index.php?rest_route=\/wp\/v2\/pages"}],"about":[{"href":"https:\/\/zsmikulasezhusi.cz\/index.php?rest_route=\/wp\/v2\/types\/page"}],"author":[{"embeddable":true,"href":"https:\/\/zsmikulasezhusi.cz\/index.php?rest_route=\/wp\/v2\/users\/1"}],"replies":[{"embeddable":true,"href":"https:\/\/zsmikulasezhusi.cz\/index.php?rest_route=%2Fwp%2Fv2%2Fcomments&post=59"}],"version-history":[{"count":2,"href":"https:\/\/zsmikulasezhusi.cz\/index.php?rest_route=\/wp\/v2\/pages\/59\/revisions"}],"predecessor-version":[{"id":1071,"href":"https:\/\/zsmikulasezhusi.cz\/index.php?rest_route=\/wp\/v2\/pages\/59\/revisions\/1071"}],"wp:attachment":[{"href":"https:\/\/zsmikulasezhusi.cz\/index.php?rest_route=%2Fwp%2Fv2%2Fmedia&parent=59"}],"curies":[{"name":"wp","href":"https:\/\/api.w.org\/{rel}","templated":true}]}}