{"id":368,"date":"2024-03-19T15:34:49","date_gmt":"2024-03-19T14:34:49","guid":{"rendered":"http:\/\/341776.w76.wedos.ws\/?page_id=368"},"modified":"2024-04-09T17:33:25","modified_gmt":"2024-04-09T15:33:25","slug":"ochrana-osobnich-udaju-2","status":"publish","type":"page","link":"https:\/\/zsmikulasezhusi.cz\/?page_id=368","title":{"rendered":"Ochrana osobn\u00edch \u00fadaj\u016f"},"content":{"rendered":"<p><div class='w3eden'><!-- WPDM Link Template: Default Template -->\n\n<div class=\"link-template-default card mb-2\">\n    <div class=\"card-body\">\n        <div class=\"media\">\n            <div class=\"mr-3 img-48\"><img decoding=\"async\" class=\"wpdm_icon\" alt=\"Ikona\"   src=\"https:\/\/zsmikulasezhusi.cz\/wp-content\/plugins\/download-manager\/assets\/file-type-icons\/xls.png\" \/><\/div>\n            <div class=\"media-body\">\n                <h3 class=\"package-title\"><a href='https:\/\/zsmikulasezhusi.cz\/?wpdmpro=katalogove-listy-cinnosti-dodavatele'>Katalogov\u00e9 listy \u010dinnosti dodavatele<\/a><\/h3>\n                <div class=\"text-muted text-small\"><i class=\"fas fa-copy\"><\/i> 1 soubor(y) <i class=\"fas fa-hdd ml-3\"><\/i> 16.51 KB<\/div>\n            <\/div>\n            <div class=\"ml-3\">\n                <a class='wpdm-download-link download-on-click btn btn-primary ' rel='nofollow' href='#' data-downloadurl=\"https:\/\/zsmikulasezhusi.cz\/?wpdmpro=katalogove-listy-cinnosti-dodavatele&wpdmdl=373&refresh=69fc76bcb2a081778153148\">St\u00e1hnout<\/a>\n            <\/div>\n        <\/div>\n    <\/div>\n<\/div>\n\n<\/div><br \/>\n<div class='w3eden'><!-- WPDM Link Template: Default Template -->\n\n<div class=\"link-template-default card mb-2\">\n    <div class=\"card-body\">\n        <div class=\"media\">\n            <div class=\"mr-3 img-48\"><img decoding=\"async\" class=\"wpdm_icon\" alt=\"Ikona\"   src=\"https:\/\/zsmikulasezhusi.cz\/wp-content\/plugins\/download-manager\/assets\/file-type-icons\/xls.png\" \/><\/div>\n            <div class=\"media-body\">\n                <h3 class=\"package-title\"><a href='https:\/\/zsmikulasezhusi.cz\/?wpdmpro=katalogove-listy-cinnosti-verejne-zakazky'>Katalogov\u00e9 listy \u010dinnosti ve\u0159ejn\u00e9 zak\u00e1zky<\/a><\/h3>\n                <div class=\"text-muted text-small\"><i class=\"fas fa-copy\"><\/i> 1 soubor(y) <i class=\"fas fa-hdd ml-3\"><\/i> 16.27 KB<\/div>\n            <\/div>\n            <div class=\"ml-3\">\n                <a class='wpdm-download-link download-on-click btn btn-primary ' rel='nofollow' href='#' data-downloadurl=\"https:\/\/zsmikulasezhusi.cz\/?wpdmpro=katalogove-listy-cinnosti-verejne-zakazky&wpdmdl=374&refresh=69fc76bcb52cc1778153148\">St\u00e1hnout<\/a>\n            <\/div>\n        <\/div>\n    <\/div>\n<\/div>\n\n<\/div><br \/>\n<div class='w3eden'><!-- WPDM Link Template: Default Template -->\n\n<div class=\"link-template-default card mb-2\">\n    <div class=\"card-body\">\n        <div class=\"media\">\n            <div class=\"mr-3 img-48\"><img decoding=\"async\" class=\"wpdm_icon\" alt=\"Ikona\"   src=\"https:\/\/zsmikulasezhusi.cz\/wp-content\/plugins\/download-manager\/assets\/file-type-icons\/xls.png\" \/><\/div>\n            <div class=\"media-body\">\n                <h3 class=\"package-title\"><a href='https:\/\/zsmikulasezhusi.cz\/?wpdmpro=katalogove-listy-cinnosti-zak'>Katalogov\u00e9 listy \u010dinnosti \u017e\u00e1k<\/a><\/h3>\n                <div class=\"text-muted text-small\"><i class=\"fas fa-copy\"><\/i> 1 soubor(y) <i class=\"fas fa-hdd ml-3\"><\/i> 51.77 KB<\/div>\n            <\/div>\n            <div class=\"ml-3\">\n                <a class='wpdm-download-link download-on-click btn btn-primary ' rel='nofollow' href='#' data-downloadurl=\"https:\/\/zsmikulasezhusi.cz\/?wpdmpro=katalogove-listy-cinnosti-zak&wpdmdl=375&refresh=69fc76bcb658b1778153148\">St\u00e1hnout<\/a>\n            <\/div>\n        <\/div>\n    <\/div>\n<\/div>\n\n<\/div><br \/>\n<div class='w3eden'><!-- WPDM Link Template: Default Template -->\n\n<div class=\"link-template-default card mb-2\">\n    <div class=\"card-body\">\n        <div class=\"media\">\n            <div class=\"mr-3 img-48\"><img decoding=\"async\" class=\"wpdm_icon\" alt=\"Ikona\"   src=\"https:\/\/zsmikulasezhusi.cz\/wp-content\/plugins\/download-manager\/assets\/file-type-icons\/xls.png\" \/><\/div>\n            <div class=\"media-body\">\n                <h3 class=\"package-title\"><a href='https:\/\/zsmikulasezhusi.cz\/?wpdmpro=katalogove-listy-cinnosti-zamestnanec'>Katalogov\u00e9 listy \u010dinnosti zam\u011bstnanec<\/a><\/h3>\n                <div class=\"text-muted text-small\"><i class=\"fas fa-copy\"><\/i> 1 soubor(y) <i class=\"fas fa-hdd ml-3\"><\/i> 16.66 KB<\/div>\n            <\/div>\n            <div class=\"ml-3\">\n                <a class='wpdm-download-link download-on-click btn btn-primary ' rel='nofollow' href='#' data-downloadurl=\"https:\/\/zsmikulasezhusi.cz\/?wpdmpro=katalogove-listy-cinnosti-zamestnanec&wpdmdl=376&refresh=69fc76bcb79451778153148\">St\u00e1hnout<\/a>\n            <\/div>\n        <\/div>\n    <\/div>\n<\/div>\n\n<\/div><br \/>\n<div class='w3eden'><!-- WPDM Link Template: Default Template -->\n\n<div class=\"link-template-default card mb-2\">\n    <div class=\"card-body\">\n        <div class=\"media\">\n            <div class=\"mr-3 img-48\"><img decoding=\"async\" class=\"wpdm_icon\" alt=\"Ikona\"   src=\"https:\/\/zsmikulasezhusi.cz\/wp-content\/plugins\/download-manager\/assets\/file-type-icons\/doc.png\" \/><\/div>\n            <div class=\"media-body\">\n                <h3 class=\"package-title\"><a href='https:\/\/zsmikulasezhusi.cz\/?wpdmpro=odvolani-souhlasu-se-zpracovanim-osobnich-udaju'>Odvol\u00e1n\u00ed souhlasu se zpracov\u00e1n\u00edm osobn\u00edch \u00fadaj\u016f<\/a><\/h3>\n                <div class=\"text-muted text-small\"><i class=\"fas fa-copy\"><\/i> 1 soubor(y) <i class=\"fas fa-hdd ml-3\"><\/i> 13.69 KB<\/div>\n            <\/div>\n            <div class=\"ml-3\">\n                <a class='wpdm-download-link download-on-click btn btn-primary ' rel='nofollow' href='#' data-downloadurl=\"https:\/\/zsmikulasezhusi.cz\/?wpdmpro=odvolani-souhlasu-se-zpracovanim-osobnich-udaju&wpdmdl=377&refresh=69fc76bcb8ca71778153148\">St\u00e1hnout<\/a>\n            <\/div>\n        <\/div>\n    <\/div>\n<\/div>\n\n<\/div><br \/>\n<div class='w3eden'><!-- WPDM Link Template: Default Template -->\n\n<div class=\"link-template-default card mb-2\">\n    <div class=\"card-body\">\n        <div class=\"media\">\n            <div class=\"mr-3 img-48\"><img decoding=\"async\" class=\"wpdm_icon\" alt=\"Ikona\"   src=\"https:\/\/zsmikulasezhusi.cz\/wp-content\/plugins\/download-manager\/assets\/file-type-icons\/pdf.svg\" \/><\/div>\n            <div class=\"media-body\">\n                <h3 class=\"package-title\"><a href='https:\/\/zsmikulasezhusi.cz\/?wpdmpro=informace-pro-subjekty-udaju-2'>Informace pro subjekty \u00fadaj\u016f<\/a><\/h3>\n                <div class=\"text-muted text-small\"><i class=\"fas fa-copy\"><\/i> 1 soubor(y) <i class=\"fas fa-hdd ml-3\"><\/i> 263.45 KB<\/div>\n            <\/div>\n            <div class=\"ml-3\">\n                <a class='wpdm-download-link download-on-click btn btn-primary ' rel='nofollow' href='#' data-downloadurl=\"https:\/\/zsmikulasezhusi.cz\/?wpdmpro=informace-pro-subjekty-udaju-2&wpdmdl=586&refresh=69fc76bcba5811778153148\">St\u00e1hnout<\/a>\n            <\/div>\n        <\/div>\n    <\/div>\n<\/div>\n\n<\/div><\/p>\n","protected":false},"excerpt":{"rendered":"","protected":false},"author":1,"featured_media":0,"parent":0,"menu_order":0,"comment_status":"closed","ping_status":"closed","template":"","meta":{"_editorskit_title_hidden":false,"_editorskit_reading_time":0,"_editorskit_is_block_options_detached":false,"_editorskit_block_options_position":"{}","footnotes":""},"class_list":["post-368","page","type-page","status-publish","hentry"],"featured_image_src":"","featured_image_src_square":false,"rbea_author_info":{"display_name":"admin","author_link":"https:\/\/zsmikulasezhusi.cz\/?author=1"},"rbea_excerpt_info":null,"_links":{"self":[{"href":"https:\/\/zsmikulasezhusi.cz\/index.php?rest_route=\/wp\/v2\/pages\/368","targetHints":{"allow":["GET"]}}],"collection":[{"href":"https:\/\/zsmikulasezhusi.cz\/index.php?rest_route=\/wp\/v2\/pages"}],"about":[{"href":"https:\/\/zsmikulasezhusi.cz\/index.php?rest_route=\/wp\/v2\/types\/page"}],"author":[{"embeddable":true,"href":"https:\/\/zsmikulasezhusi.cz\/index.php?rest_route=\/wp\/v2\/users\/1"}],"replies":[{"embeddable":true,"href":"https:\/\/zsmikulasezhusi.cz\/index.php?rest_route=%2Fwp%2Fv2%2Fcomments&post=368"}],"version-history":[{"count":4,"href":"https:\/\/zsmikulasezhusi.cz\/index.php?rest_route=\/wp\/v2\/pages\/368\/revisions"}],"predecessor-version":[{"id":728,"href":"https:\/\/zsmikulasezhusi.cz\/index.php?rest_route=\/wp\/v2\/pages\/368\/revisions\/728"}],"wp:attachment":[{"href":"https:\/\/zsmikulasezhusi.cz\/index.php?rest_route=%2Fwp%2Fv2%2Fmedia&parent=368"}],"curies":[{"name":"wp","href":"https:\/\/api.w.org\/{rel}","templated":true}]}}