{"id":269,"date":"2024-03-11T16:18:29","date_gmt":"2024-03-11T15:18:29","guid":{"rendered":"http:\/\/341776.w76.wedos.ws\/?page_id=269"},"modified":"2025-07-31T11:22:11","modified_gmt":"2025-07-31T09:22:11","slug":"kurzy","status":"publish","type":"page","link":"https:\/\/zsmikulasezhusi.cz\/?page_id=269","title":{"rendered":"Sportovn\u00ed kurzy &#8211; pokyny"},"content":{"rendered":"\n<div class=\"wp-block-responsive-block-editor-addons-card responsive-block-editor-addons-block-card block-0ec8a09a-9940-469a-97a9-70096b560c65 responsive-columns__stack-mobile\"><div class=\"wp-block-responsive-block-editor-addons-card__inner\"><div class=\"wp-block-responsive-block-editor-addons-card-item\"><div class=\"card-content-wrap\"><h4 class=\"wp-block-responsive-block-editor-addons-card-item__title\">Cyklistick\u00fd kurz<\/h4><p class=\"wp-block-responsive-block-editor-addons-card-item__subtitle\"><\/p><div class=\"wp-block-responsive-block-editor-addons-card-item__price-wrapper\"><p class=\"wp-block-responsive-block-editor-addons-card-item__content\">z\u00e1kladn\u00ed informace<br>odjezd-p\u0159\u00edjezd<br>sraz<\/p><\/div><div class=\"wp-block-responsive-block-editor-addons-card-item__button-wrapper\" data-rbea-inherit-wrapper=\"true\" data-inherit-from-theme=\"0\" data-local-timestamp=\"\" data-rbea-inherit-parent=\"self\" data-rbea-inherit-child=\".responsive-block-editor-addons-card-button-inner a\"><div class=\"responsive-block-editor-addons-card-button-inner\"><a href=\"https:\/\/zsmikulasezhusi.cz\/?page_id=346\" class=\"res-button responsive-block-editor-addons-button-size-medium\">Dokumenty<\/a><\/div><\/div><\/div><\/div><div class=\"wp-block-responsive-block-editor-addons-card-item\"><div class=\"card-content-wrap\"><h4 class=\"wp-block-responsive-block-editor-addons-card-item__title\">Ly\u017ea\u0159sk\u00fd kurz<\/h4><p class=\"wp-block-responsive-block-editor-addons-card-item__subtitle\"><\/p><div class=\"wp-block-responsive-block-editor-addons-card-item__price-wrapper\"><p class=\"wp-block-responsive-block-editor-addons-card-item__content\">z\u00e1kladn\u00ed informace<br>odjezd-p\u0159\u00edjezd<br>sraz<\/p><\/div><div class=\"wp-block-responsive-block-editor-addons-card-item__button-wrapper\"><div class=\"responsive-block-editor-addons-card-button-inner\"><a href=\"https:\/\/zsmikulasezhusi.cz\/?page_id=348\" class=\"res-button responsive-block-editor-addons-button-size-medium\">Dokumenty<\/a><\/div><\/div><\/div><\/div><div class=\"wp-block-responsive-block-editor-addons-card-item\"><div class=\"card-content-wrap\"><h4 class=\"wp-block-responsive-block-editor-addons-card-item__title\">Vod\u00e1ck\u00fd kurz<\/h4><p class=\"wp-block-responsive-block-editor-addons-card-item__subtitle\"><\/p><div class=\"wp-block-responsive-block-editor-addons-card-item__price-wrapper\"><p class=\"wp-block-responsive-block-editor-addons-card-item__content\">z\u00e1kladn\u00ed informace<br>odjezd-p\u0159\u00edjezd<br>sraz<\/p><\/div><div class=\"wp-block-responsive-block-editor-addons-card-item__button-wrapper\"><div class=\"responsive-block-editor-addons-card-button-inner\"><a href=\"https:\/\/zsmikulasezhusi.cz\/?page_id=350\" class=\"res-button responsive-block-editor-addons-button-size-medium\">Dokumenty<\/a><\/div><\/div><\/div><\/div><\/div><\/div>\n","protected":false},"excerpt":{"rendered":"","protected":false},"author":1,"featured_media":0,"parent":0,"menu_order":0,"comment_status":"closed","ping_status":"closed","template":"","meta":{"_editorskit_title_hidden":false,"_editorskit_reading_time":0,"_editorskit_is_block_options_detached":false,"_editorskit_block_options_position":"{}","footnotes":""},"class_list":["post-269","page","type-page","status-publish","hentry"],"featured_image_src":"","featured_image_src_square":false,"rbea_author_info":{"display_name":"admin","author_link":"https:\/\/zsmikulasezhusi.cz\/?author=1"},"rbea_excerpt_info":null,"_links":{"self":[{"href":"https:\/\/zsmikulasezhusi.cz\/index.php?rest_route=\/wp\/v2\/pages\/269","targetHints":{"allow":["GET"]}}],"collection":[{"href":"https:\/\/zsmikulasezhusi.cz\/index.php?rest_route=\/wp\/v2\/pages"}],"about":[{"href":"https:\/\/zsmikulasezhusi.cz\/index.php?rest_route=\/wp\/v2\/types\/page"}],"author":[{"embeddable":true,"href":"https:\/\/zsmikulasezhusi.cz\/index.php?rest_route=\/wp\/v2\/users\/1"}],"replies":[{"embeddable":true,"href":"https:\/\/zsmikulasezhusi.cz\/index.php?rest_route=%2Fwp%2Fv2%2Fcomments&post=269"}],"version-history":[{"count":10,"href":"https:\/\/zsmikulasezhusi.cz\/index.php?rest_route=\/wp\/v2\/pages\/269\/revisions"}],"predecessor-version":[{"id":1667,"href":"https:\/\/zsmikulasezhusi.cz\/index.php?rest_route=\/wp\/v2\/pages\/269\/revisions\/1667"}],"wp:attachment":[{"href":"https:\/\/zsmikulasezhusi.cz\/index.php?rest_route=%2Fwp%2Fv2%2Fmedia&parent=269"}],"curies":[{"name":"wp","href":"https:\/\/api.w.org\/{rel}","templated":true}]}}