{"id":2119,"date":"2025-11-28T13:32:26","date_gmt":"2025-11-28T12:32:26","guid":{"rendered":"https:\/\/zsmikulasezhusi.cz\/?page_id=2119"},"modified":"2026-04-30T09:56:56","modified_gmt":"2026-04-30T07:56:56","slug":"skolni-obzor","status":"publish","type":"page","link":"https:\/\/zsmikulasezhusi.cz\/?page_id=2119","title":{"rendered":"\u0160koln\u00ed Obzor"},"content":{"rendered":"\n<p>Prvn\u00ed a druh\u00e9 \u010d\u00edslo nov\u00e9ho \u010dasopisu \u0160koln\u00ed obzor najdete na tomto odkazu. T\u011b\u0161\u00edme se na zp\u011btnou vazbu! Redakce<\/p>\n\n\n\n<p><\/p>\n\n\n\n<p><a href=\"https:\/\/madmagz.app\/viewer\/69c4d19cbeaaad001566387a\">\u0160KOLN\u00cd OBZOR &#8211; Duben 2026<\/a><\/p>\n\n\n\n<p><a href=\"https:\/\/madmagz.app\/viewer\/69aa9017db287e00159e9020\">\u0160KOLN\u00cd OBZOR &#8211; B\u0159ezen 2026<\/a><\/p>\n\n\n\n<p><a href=\"https:\/\/madmagz.app\/viewer\/69884bee8eb85b00143ce991\">\u0160KOLN\u00cd OBZOR &#8211; \u00danor 2026<\/a><\/p>\n\n\n\n<p><a href=\"https:\/\/madmagz.app\/viewer\/6968872db2c4bf0014d7fdc2\">\u0160KOLN\u00cd OBZOR &#8211; Leden 2026<\/a><\/p>\n\n\n\n<p><a href=\"https:\/\/madmagz.app\/viewer\/693129e1ce27d40014401ed5#page-1\">\u0160KOLN\u00cd OBZOR &#8211; Prosinec 2025 <\/a><\/p>\n\n\n\n<p><a href=\"https:\/\/madmagz.app\/viewer\/691568c199ddfa0014682a40\" target=\"_blank\" rel=\"noreferrer noopener\">\u0160KOLN\u00cd OBZOR \u2013 Listopad 2025<\/a><\/p>\n\n\n\n<p><a href=\"https:\/\/madmagz.app\/viewer\/68e61da4d14b0d00145b4d33#page-1\" target=\"_blank\" rel=\"noreferrer noopener\">\u0160KOLN\u00cd OBZOR \u2013 \u0158\u00edjen 2025<\/a><\/p>\n\n\n\n<p><\/p>\n\n\n\n<p><\/p>\n\n\n\n<p><\/p>\n\n\n\n<p><\/p>\n","protected":false},"excerpt":{"rendered":"<p>Prvn\u00ed a druh\u00e9 \u010d\u00edslo nov\u00e9ho \u010dasopisu \u0160koln\u00ed obzor najdete na tomto odkazu. T\u011b\u0161\u00edme se na zp\u011btnou vazbu! Redakce \u0160KOLN\u00cd OBZOR &hellip; <\/p>\n","protected":false},"author":1,"featured_media":0,"parent":0,"menu_order":0,"comment_status":"closed","ping_status":"closed","template":"","meta":{"_editorskit_title_hidden":false,"_editorskit_reading_time":0,"_editorskit_is_block_options_detached":false,"_editorskit_block_options_position":"{}","footnotes":""},"class_list":["post-2119","page","type-page","status-publish","hentry"],"featured_image_src":"","featured_image_src_square":false,"rbea_author_info":{"display_name":"admin","author_link":"https:\/\/zsmikulasezhusi.cz\/?author=1"},"rbea_excerpt_info":"Prvn\u00ed a druh\u00e9 \u010d\u00edslo nov\u00e9ho \u010dasopisu \u0160koln\u00ed obzor najdete na tomto odkazu. T\u011b\u0161\u00edme se na zp\u011btnou vazbu! Redakce \u0160KOLN\u00cd OBZOR &hellip; ","_links":{"self":[{"href":"https:\/\/zsmikulasezhusi.cz\/index.php?rest_route=\/wp\/v2\/pages\/2119","targetHints":{"allow":["GET"]}}],"collection":[{"href":"https:\/\/zsmikulasezhusi.cz\/index.php?rest_route=\/wp\/v2\/pages"}],"about":[{"href":"https:\/\/zsmikulasezhusi.cz\/index.php?rest_route=\/wp\/v2\/types\/page"}],"author":[{"embeddable":true,"href":"https:\/\/zsmikulasezhusi.cz\/index.php?rest_route=\/wp\/v2\/users\/1"}],"replies":[{"embeddable":true,"href":"https:\/\/zsmikulasezhusi.cz\/index.php?rest_route=%2Fwp%2Fv2%2Fcomments&post=2119"}],"version-history":[{"count":11,"href":"https:\/\/zsmikulasezhusi.cz\/index.php?rest_route=\/wp\/v2\/pages\/2119\/revisions"}],"predecessor-version":[{"id":2505,"href":"https:\/\/zsmikulasezhusi.cz\/index.php?rest_route=\/wp\/v2\/pages\/2119\/revisions\/2505"}],"wp:attachment":[{"href":"https:\/\/zsmikulasezhusi.cz\/index.php?rest_route=%2Fwp%2Fv2%2Fmedia&parent=2119"}],"curies":[{"name":"wp","href":"https:\/\/api.w.org\/{rel}","templated":true}]}}