{"id":1551,"date":"2025-05-13T19:54:01","date_gmt":"2025-05-13T17:54:01","guid":{"rendered":"https:\/\/zsmikulasezhusi.cz\/?page_id=1551"},"modified":"2025-05-13T19:57:04","modified_gmt":"2025-05-13T17:57:04","slug":"skolni-poradenske-pracoviste","status":"publish","type":"page","link":"https:\/\/zsmikulasezhusi.cz\/?page_id=1551","title":{"rendered":"\u0160koln\u00ed poradensk\u00e9 pracovi\u0161t\u011b"},"content":{"rendered":"\n<p>Poradensk\u00e1 \u010dinnost v na\u0161\u00ed \u0161kole je zaji\u0161\u0165ov\u00e1na \u0161koln\u00edm poradensk\u00fdm pracovi\u0161t\u011bm (\u0160PP). Poradensk\u00e9 slu\u017eby \u0161koly podl\u00e9haj\u00ed platn\u00e9 legislativ\u011b. \u0160koln\u00ed poradensk\u00e9 pracovi\u0161t\u011b je tvo\u0159eno odborn\u00fdmi pozicemi: \u0161koln\u00ed psycholog, v\u00fdchovn\u00fd poradce, v\u00fdchovn\u00fd- kari\u00e9rov\u00fd poradce, metodik prevence.<\/p>\n\n\n\n<div class=\"wp-block-responsive-block-editor-addons-advance-columns block-d61112d5-cec2-41a5-8c14-2c504d8c1c1f responsive-block-editor-addons-advanced-column-outer-wrap undefined\"><div class=\"responsive-block-editor-addons-advanced-column alignundefined\"><div class=\"responsive-columns-wrap responsive-block-editor-addons-block-columns responsive-columns__gap-default responsive-columns__stack-mobile responsive-columns__content-width-theme overlay-type-color linear\"><div class=\"responsive-columns-inner-wrap responsive-columns-columns-2\">\n<div class=\"wp-block-responsive-block-editor-addons-column responsive-block-editor-addons-advanced-column-child block-35eba833-6f2f-4ce7-9d54-04099776d6a1\"><div class=\"responsive-column-wrap responsive-block-editor-addons-block-column\"><div class=\"responsive-column-inner-wrap overlay-type-color linear\">\n<div style=\"text-align:center\" class=\"wp-block-responsive-block-editor-addons-responsive-block-editor-addons-cta responsive-block-editor-addons-block-cta responsive-block-editor-addons-font-size-16\"><div class=\"responsive-block-editor-addons-block-call-to-action block-ffe108aa-4586-47b3-8a72-2b7029a24c8b\"><div class=\"responsive-block-editor-addons-cta-content\"><h2 class=\"responsive-block-editor-addons-cta-title responsive-block-editor-addons-font-size-30\"><strong>V\u00fdchovn\u00fd poradce<\/strong><\/h2><\/div><div class=\"responsive-block-editor-addons-cta-button-wrapper responsive-block-editor-addons-cta-button-shape-rounded responsive-block-editor-addons-cta-button-size-medium\" data-rbea-inherit-wrapper=\"true\" data-inherit-from-theme=\"0\" data-local-timestamp=\"\" data-rbea-inherit-parent=\"self\" data-rbea-inherit-child=\"a\"><a href=\"https:\/\/zsmikulasezhusi.cz\/?p=214\" target=\"_self\" rel=\"noopener noreferrer\" class=\"responsive-block-editor-addons-cta-button responsive-block-editor-addons-cta-button-size-medium\">V\u00edce informac\u00ed<\/a><\/div><\/div><\/div>\n\n\n\n<div style=\"text-align:center\" class=\"wp-block-responsive-block-editor-addons-responsive-block-editor-addons-cta responsive-block-editor-addons-block-cta responsive-block-editor-addons-font-size-16\"><div class=\"responsive-block-editor-addons-block-call-to-action block-17782916-fbcb-4a44-bccf-251316da8ddb\"><div class=\"responsive-block-editor-addons-cta-content\"><h2 class=\"responsive-block-editor-addons-cta-title responsive-block-editor-addons-font-size-30\"><strong>Poradce pro v\u00fdchovu k\u00a0povol\u00e1n\u00ed<\/strong><\/h2><\/div><div class=\"responsive-block-editor-addons-cta-button-wrapper responsive-block-editor-addons-cta-button-shape-rounded responsive-block-editor-addons-cta-button-size-medium\" data-rbea-inherit-wrapper=\"true\" data-inherit-from-theme=\"0\" data-local-timestamp=\"\" data-rbea-inherit-parent=\"self\" data-rbea-inherit-child=\"a\"><a href=\"https:\/\/zsmikulasezhusi.cz\/?page_id=528\" target=\"_self\" rel=\"noopener noreferrer\" class=\"responsive-block-editor-addons-cta-button responsive-block-editor-addons-cta-button-size-medium\">V\u00edce informac\u00ed<\/a><\/div><\/div><\/div>\n<\/div><\/div><\/div>\n\n\n\n<div class=\"wp-block-responsive-block-editor-addons-column responsive-block-editor-addons-advanced-column-child block-934ba935-5ca9-4068-9752-6399d76326df\"><div class=\"responsive-column-wrap responsive-block-editor-addons-block-column\"><div class=\"responsive-column-inner-wrap overlay-type-color linear\">\n<div style=\"text-align:center\" class=\"wp-block-responsive-block-editor-addons-responsive-block-editor-addons-cta responsive-block-editor-addons-block-cta responsive-block-editor-addons-font-size-16\"><div class=\"responsive-block-editor-addons-block-call-to-action block-cf730704-ff22-484c-9613-faa20ba6a32e\"><div class=\"responsive-block-editor-addons-cta-content\"><h2 class=\"responsive-block-editor-addons-cta-title responsive-block-editor-addons-font-size-30\"><strong>\u0160koln\u00ed metodik prevence<\/strong><\/h2><\/div><div class=\"responsive-block-editor-addons-cta-button-wrapper responsive-block-editor-addons-cta-button-shape-rounded responsive-block-editor-addons-cta-button-size-medium\" data-rbea-inherit-wrapper=\"true\" data-inherit-from-theme=\"0\" data-local-timestamp=\"\" data-rbea-inherit-parent=\"self\" data-rbea-inherit-child=\"a\"><a href=\"https:\/\/zsmikulasezhusi.cz\/?page_id=523\" target=\"_self\" rel=\"noopener noreferrer\" class=\"responsive-block-editor-addons-cta-button responsive-block-editor-addons-cta-button-size-medium\">V\u00edce informac\u00ed<\/a><\/div><\/div><\/div>\n<\/div><\/div><\/div>\n<\/div><\/div><\/div><\/div>\n","protected":false},"excerpt":{"rendered":"<p>Poradensk\u00e1 \u010dinnost v na\u0161\u00ed \u0161kole je zaji\u0161\u0165ov\u00e1na \u0161koln\u00edm poradensk\u00fdm pracovi\u0161t\u011bm (\u0160PP). Poradensk\u00e9 slu\u017eby \u0161koly podl\u00e9haj\u00ed platn\u00e9 legislativ\u011b. \u0160koln\u00ed poradensk\u00e9 pracovi\u0161t\u011b &hellip; <\/p>\n","protected":false},"author":3,"featured_media":0,"parent":0,"menu_order":0,"comment_status":"closed","ping_status":"closed","template":"","meta":{"_editorskit_title_hidden":false,"_editorskit_reading_time":0,"_editorskit_is_block_options_detached":false,"_editorskit_block_options_position":"{}","footnotes":""},"class_list":["post-1551","page","type-page","status-publish","hentry"],"featured_image_src":"","featured_image_src_square":false,"rbea_author_info":{"display_name":"Luk\u00e1\u0161 Kr\u00e1l\u00edk","author_link":"https:\/\/zsmikulasezhusi.cz\/?author=3"},"rbea_excerpt_info":"Poradensk\u00e1 \u010dinnost v na\u0161\u00ed \u0161kole je zaji\u0161\u0165ov\u00e1na \u0161koln\u00edm poradensk\u00fdm pracovi\u0161t\u011bm (\u0160PP). Poradensk\u00e9 slu\u017eby \u0161koly podl\u00e9haj\u00ed platn\u00e9 legislativ\u011b. \u0160koln\u00ed poradensk\u00e9 pracovi\u0161t\u011b &hellip; ","_links":{"self":[{"href":"https:\/\/zsmikulasezhusi.cz\/index.php?rest_route=\/wp\/v2\/pages\/1551","targetHints":{"allow":["GET"]}}],"collection":[{"href":"https:\/\/zsmikulasezhusi.cz\/index.php?rest_route=\/wp\/v2\/pages"}],"about":[{"href":"https:\/\/zsmikulasezhusi.cz\/index.php?rest_route=\/wp\/v2\/types\/page"}],"author":[{"embeddable":true,"href":"https:\/\/zsmikulasezhusi.cz\/index.php?rest_route=\/wp\/v2\/users\/3"}],"replies":[{"embeddable":true,"href":"https:\/\/zsmikulasezhusi.cz\/index.php?rest_route=%2Fwp%2Fv2%2Fcomments&post=1551"}],"version-history":[{"count":4,"href":"https:\/\/zsmikulasezhusi.cz\/index.php?rest_route=\/wp\/v2\/pages\/1551\/revisions"}],"predecessor-version":[{"id":1558,"href":"https:\/\/zsmikulasezhusi.cz\/index.php?rest_route=\/wp\/v2\/pages\/1551\/revisions\/1558"}],"wp:attachment":[{"href":"https:\/\/zsmikulasezhusi.cz\/index.php?rest_route=%2Fwp%2Fv2%2Fmedia&parent=1551"}],"curies":[{"name":"wp","href":"https:\/\/api.w.org\/{rel}","templated":true}]}}