{"id":1346,"date":"2025-03-18T10:27:33","date_gmt":"2025-03-18T09:27:33","guid":{"rendered":"https:\/\/zsmikulasezhusi.cz\/?page_id=1346"},"modified":"2026-02-16T10:54:50","modified_gmt":"2026-02-16T09:54:50","slug":"informace-pro-budouci-zaky-1-rocniku","status":"publish","type":"page","link":"https:\/\/zsmikulasezhusi.cz\/?page_id=1346","title":{"rendered":"Informace pro budouc\u00ed \u017e\u00e1ky do 1. t\u0159\u00eddy pro \u0161koln\u00ed rok 2026 &#8211; 2027"},"content":{"rendered":"<div class=\"wp-block-image\">\n<figure class=\"aligncenter size-full\"><img decoding=\"async\" src=\"https:\/\/zsmikulasezhusi.cz\/wp-content\/uploads\/2025\/11\/plakat-zapis.jpg\" alt=\"\" class=\"wp-image-2070\"\/><\/figure>\n<\/div>\n\n<p><div class='w3eden'><!-- WPDM Link Template: Default Template -->\n\n<div class=\"link-template-default card mb-2\">\n    <div class=\"card-body\">\n        <div class=\"media\">\n            <div class=\"mr-3 img-48\"><img decoding=\"async\" class=\"wpdm_icon\" alt=\"Ikona\"   src=\"https:\/\/zsmikulasezhusi.cz\/wp-content\/plugins\/download-manager\/assets\/file-type-icons\/pdf.svg\" \/><\/div>\n            <div class=\"media-body\">\n                <h3 class=\"package-title\"><a href='https:\/\/zsmikulasezhusi.cz\/?wpdmpro=vysledky-zapisu-do-prvniho-rocniku-skolni-rok-2026-2027'>V\u00fdsledky z\u00e1pisu do prvn\u00edho ro\u010dn\u00edku - \u0161koln\u00ed rok 2026-2027<\/a><\/h3>\n                <div class=\"text-muted text-small\"><i class=\"fas fa-copy\"><\/i> 1 soubor(y) <i class=\"fas fa-hdd ml-3\"><\/i> 58.11 KB<\/div>\n            <\/div>\n            <div class=\"ml-3\">\n                <a class='wpdm-download-link download-on-click btn btn-primary ' rel='nofollow' href='#' data-downloadurl=\"https:\/\/zsmikulasezhusi.cz\/?wpdmpro=vysledky-zapisu-do-prvniho-rocniku-skolni-rok-2026-2027&wpdmdl=2300&refresh=69f707e0442661777797088\">St\u00e1hnout<\/a>\n            <\/div>\n        <\/div>\n    <\/div>\n<\/div>\n\n<\/div><br \/>\n<div class='w3eden'><!-- WPDM Link Template: Default Template -->\n\n<div class=\"link-template-default card mb-2\">\n    <div class=\"card-body\">\n        <div class=\"media\">\n            <div class=\"mr-3 img-48\"><img decoding=\"async\" class=\"wpdm_icon\" alt=\"Ikona\"   src=\"https:\/\/zsmikulasezhusi.cz\/wp-content\/plugins\/download-manager\/assets\/file-type-icons\/pdf.svg\" \/><\/div>\n            <div class=\"media-body\">\n                <h3 class=\"package-title\"><a href='https:\/\/zsmikulasezhusi.cz\/?wpdmpro=informace-k-zapisu-do-prvnich-trid-na-skolni-rok-2026-2027'>Informace k z\u00e1pisu do prvn\u00edch t\u0159\u00edd na \u0161koln\u00ed rok 2026\/2027<\/a><\/h3>\n                <div class=\"text-muted text-small\"><i class=\"fas fa-copy\"><\/i> 1 soubor(y) <i class=\"fas fa-hdd ml-3\"><\/i> 115.69 KB<\/div>\n            <\/div>\n            <div class=\"ml-3\">\n                <a class='wpdm-download-link download-on-click btn btn-primary ' rel='nofollow' href='#' data-downloadurl=\"https:\/\/zsmikulasezhusi.cz\/?wpdmpro=informace-k-zapisu-do-prvnich-trid-na-skolni-rok-2026-2027&wpdmdl=2080&refresh=69f707e046f0e1777797088\">St\u00e1hnout<\/a>\n            <\/div>\n        <\/div>\n    <\/div>\n<\/div>\n\n<\/div><br \/>\n<div class='w3eden'><!-- WPDM Link Template: Default Template -->\n\n<div class=\"link-template-default card mb-2\">\n    <div class=\"card-body\">\n        <div class=\"media\">\n            <div class=\"mr-3 img-48\"><img decoding=\"async\" class=\"wpdm_icon\" alt=\"Ikona\"   src=\"https:\/\/zsmikulasezhusi.cz\/wp-content\/plugins\/download-manager\/assets\/file-type-icons\/pdf.svg\" \/><\/div>\n            <div class=\"media-body\">\n                <h3 class=\"package-title\"><a href='https:\/\/zsmikulasezhusi.cz\/?wpdmpro=kriteria-pro-prijeti-ditete-k-povinne-skolni-dochazce'>Krit\u00e9ria pro p\u0159ijet\u00ed d\u00edt\u011bte k povinn\u00e9 \u0161koln\u00ed doch\u00e1zce<\/a><\/h3>\n                <div class=\"text-muted text-small\"><i class=\"fas fa-copy\"><\/i> 1 soubor(y) <i class=\"fas fa-hdd ml-3\"><\/i> 96.04 KB<\/div>\n            <\/div>\n            <div class=\"ml-3\">\n                <a class='wpdm-download-link download-on-click btn btn-primary ' rel='nofollow' href='#' data-downloadurl=\"https:\/\/zsmikulasezhusi.cz\/?wpdmpro=kriteria-pro-prijeti-ditete-k-povinne-skolni-dochazce&wpdmdl=2082&refresh=69f707e0480e41777797088\">St\u00e1hnout<\/a>\n            <\/div>\n        <\/div>\n    <\/div>\n<\/div>\n\n<\/div><br \/>\n<div class='w3eden'><!-- WPDM Link Template: Default Template -->\n\n<div class=\"link-template-default card mb-2\">\n    <div class=\"card-body\">\n        <div class=\"media\">\n            <div class=\"mr-3 img-48\"><img decoding=\"async\" class=\"wpdm_icon\" alt=\"Ikona\"   src=\"https:\/\/zsmikulasezhusi.cz\/wp-content\/plugins\/download-manager\/assets\/file-type-icons\/pdf.svg\" \/><\/div>\n            <div class=\"media-body\">\n                <h3 class=\"package-title\"><a href='https:\/\/zsmikulasezhusi.cz\/?wpdmpro=podpora-pred-nastupem-do-skoly-2'>Podpora p\u0159ed n\u00e1stupem do \u0161koly<\/a><\/h3>\n                <div class=\"text-muted text-small\"><i class=\"fas fa-copy\"><\/i> 1 soubor(y) <i class=\"fas fa-hdd ml-3\"><\/i> 108.61 KB<\/div>\n            <\/div>\n            <div class=\"ml-3\">\n                <a class='wpdm-download-link download-on-click btn btn-primary ' rel='nofollow' href='#' data-downloadurl=\"https:\/\/zsmikulasezhusi.cz\/?wpdmpro=podpora-pred-nastupem-do-skoly-2&wpdmdl=2074&refresh=69f707e04915e1777797088\">St\u00e1hnout<\/a>\n            <\/div>\n        <\/div>\n    <\/div>\n<\/div>\n\n<\/div><br \/>\n<div class='w3eden'><!-- WPDM Link Template: Default Template -->\n\n<div class=\"link-template-default card mb-2\">\n    <div class=\"card-body\">\n        <div class=\"media\">\n            <div class=\"mr-3 img-48\"><img decoding=\"async\" class=\"wpdm_icon\" alt=\"Ikona\"   src=\"https:\/\/zsmikulasezhusi.cz\/wp-content\/plugins\/download-manager\/assets\/file-type-icons\/pdf.svg\" \/><\/div>\n            <div class=\"media-body\">\n                <h3 class=\"package-title\"><a href='https:\/\/zsmikulasezhusi.cz\/?wpdmpro=jak-muzete-podporit-sve-dite-v-prvnich-tydnech-skolni-dochazky'>Jak m\u016f\u017eete podpo\u0159it sv\u00e9 d\u00edt\u011b  v prvn\u00edch t\u00fddnech \u0161koln\u00ed doch\u00e1zky<\/a><\/h3>\n                <div class=\"text-muted text-small\"><i class=\"fas fa-copy\"><\/i> 1 soubor(y) <i class=\"fas fa-hdd ml-3\"><\/i> 43.43 KB<\/div>\n            <\/div>\n            <div class=\"ml-3\">\n                <a class='wpdm-download-link download-on-click btn btn-primary ' rel='nofollow' href='#' data-downloadurl=\"https:\/\/zsmikulasezhusi.cz\/?wpdmpro=jak-muzete-podporit-sve-dite-v-prvnich-tydnech-skolni-dochazky&wpdmdl=2076&refresh=69f707e04a2a61777797088\">St\u00e1hnout<\/a>\n            <\/div>\n        <\/div>\n    <\/div>\n<\/div>\n\n<\/div><br \/>\n<div class='w3eden'><!-- WPDM Link Template: Default Template -->\n\n<div class=\"link-template-default card mb-2\">\n    <div class=\"card-body\">\n        <div class=\"media\">\n            <div class=\"mr-3 img-48\"><img decoding=\"async\" class=\"wpdm_icon\" alt=\"Ikona\"   src=\"https:\/\/zsmikulasezhusi.cz\/wp-content\/plugins\/download-manager\/assets\/file-type-icons\/pdf.svg\" \/><\/div>\n            <div class=\"media-body\">\n                <h3 class=\"package-title\"><a href='https:\/\/zsmikulasezhusi.cz\/?wpdmpro=vyhlaska-o-skolskych-obvodech-spadovych-zs-zrizenych-mestem-tabor'>Vyhl\u00e1\u0161ka o \u0161kolsk\u00fdch obvodech sp\u00e1dov\u00fdch Z\u0160 z\u0159\u00edzen\u00fdch m\u011bstem T\u00e1bor<\/a><\/h3>\n                <div class=\"text-muted text-small\"><i class=\"fas fa-copy\"><\/i> 1 soubor(y) <i class=\"fas fa-hdd ml-3\"><\/i> 1.30 MB<\/div>\n            <\/div>\n            <div class=\"ml-3\">\n                <a class='wpdm-download-link download-on-click btn btn-primary ' rel='nofollow' href='#' data-downloadurl=\"https:\/\/zsmikulasezhusi.cz\/?wpdmpro=vyhlaska-o-skolskych-obvodech-spadovych-zs-zrizenych-mestem-tabor&wpdmdl=2078&refresh=69f707e04b4031777797088\">St\u00e1hnout<\/a>\n            <\/div>\n        <\/div>\n    <\/div>\n<\/div>\n\n<\/div><br \/>\n<div class='w3eden'><!-- WPDM Link Template: Default Template -->\n\n<div class=\"link-template-default card mb-2\">\n    <div class=\"card-body\">\n        <div class=\"media\">\n            <div class=\"mr-3 img-48\"><img decoding=\"async\" class=\"wpdm_icon\" alt=\"Ikona\"   src=\"https:\/\/zsmikulasezhusi.cz\/wp-content\/plugins\/download-manager\/assets\/file-type-icons\/pdf.svg\" \/><\/div>\n            <div class=\"media-body\">\n                <h3 class=\"package-title\"><a href='https:\/\/zsmikulasezhusi.cz\/?wpdmpro=odklad-povinne-skolni-dochazky'>Odklad povinn\u00e9 \u0161koln\u00ed doch\u00e1zky pro rodi\u010de<\/a><\/h3>\n                <div class=\"text-muted text-small\"><i class=\"fas fa-copy\"><\/i> 1 soubor(y) <i class=\"fas fa-hdd ml-3\"><\/i> 259.92 KB<\/div>\n            <\/div>\n            <div class=\"ml-3\">\n                <a class='wpdm-download-link download-on-click btn btn-primary ' rel='nofollow' href='#' data-downloadurl=\"https:\/\/zsmikulasezhusi.cz\/?wpdmpro=odklad-povinne-skolni-dochazky&wpdmdl=2144&refresh=69f707e04c6bb1777797088\">St\u00e1hnout<\/a>\n            <\/div>\n        <\/div>\n    <\/div>\n<\/div>\n\n<\/div><br \/>\n<div class='w3eden'><!-- WPDM Link Template: Default Template -->\n\n<div class=\"link-template-default card mb-2\">\n    <div class=\"card-body\">\n        <div class=\"media\">\n            <div class=\"mr-3 img-48\"><img decoding=\"async\" class=\"wpdm_icon\" alt=\"Ikona\"   src=\"https:\/\/zsmikulasezhusi.cz\/wp-content\/plugins\/download-manager\/assets\/file-type-icons\/pdf.svg\" \/><\/div>\n            <div class=\"media-body\">\n                <h3 class=\"package-title\"><a href='https:\/\/zsmikulasezhusi.cz\/?wpdmpro=odklad-povinne-skolni-dochazky-pro-zakonne-zastupce'>Odklad povinn\u00e9 \u0161koln\u00ed doch\u00e1zky pro z\u00e1konn\u00e9 z\u00e1stupce<\/a><\/h3>\n                <div class=\"text-muted text-small\"><i class=\"fas fa-copy\"><\/i> 1 soubor(y) <i class=\"fas fa-hdd ml-3\"><\/i> 267.26 KB<\/div>\n            <\/div>\n            <div class=\"ml-3\">\n                <a class='wpdm-download-link download-on-click btn btn-primary ' rel='nofollow' href='#' data-downloadurl=\"https:\/\/zsmikulasezhusi.cz\/?wpdmpro=odklad-povinne-skolni-dochazky-pro-zakonne-zastupce&wpdmdl=2146&refresh=69f707e04d86f1777797088\">St\u00e1hnout<\/a>\n            <\/div>\n        <\/div>\n    <\/div>\n<\/div>\n\n<\/div><br \/>\n<div class='w3eden'><!-- WPDM Link Template: Default Template -->\n\n<div class=\"link-template-default card mb-2\">\n    <div class=\"card-body\">\n        <div class=\"media\">\n            <div class=\"mr-3 img-48\"><img decoding=\"async\" class=\"wpdm_icon\" alt=\"Ikona\"   src=\"https:\/\/zsmikulasezhusi.cz\/wp-content\/plugins\/download-manager\/assets\/file-type-icons\/pdf.svg\" \/><\/div>\n            <div class=\"media-body\">\n                <h3 class=\"package-title\"><a href='https:\/\/zsmikulasezhusi.cz\/?wpdmpro=zapis-do-zakladni-skoly-informace-pro-zakonne-zastupce'>Z\u00e1pis do z\u00e1kladn\u00ed \u0161koly - informace pro z\u00e1konn\u00e9 z\u00e1stupce<\/a><\/h3>\n                <div class=\"text-muted text-small\"><i class=\"fas fa-copy\"><\/i> 1 soubor(y) <i class=\"fas fa-hdd ml-3\"><\/i> 287.99 KB<\/div>\n            <\/div>\n            <div class=\"ml-3\">\n                <a class='wpdm-download-link download-on-click btn btn-primary ' rel='nofollow' href='#' data-downloadurl=\"https:\/\/zsmikulasezhusi.cz\/?wpdmpro=zapis-do-zakladni-skoly-informace-pro-zakonne-zastupce&wpdmdl=2148&refresh=69f707e04ebc61777797088\">St\u00e1hnout<\/a>\n            <\/div>\n        <\/div>\n    <\/div>\n<\/div>\n\n<\/div><\/p>\n\n\n\n<p><\/p>\n","protected":false},"excerpt":{"rendered":"","protected":false},"author":1,"featured_media":0,"parent":0,"menu_order":0,"comment_status":"closed","ping_status":"closed","template":"","meta":{"_editorskit_title_hidden":false,"_editorskit_reading_time":0,"_editorskit_is_block_options_detached":false,"_editorskit_block_options_position":"{}","footnotes":""},"class_list":["post-1346","page","type-page","status-publish","hentry"],"featured_image_src":"","featured_image_src_square":false,"rbea_author_info":{"display_name":"admin","author_link":"https:\/\/zsmikulasezhusi.cz\/?author=1"},"rbea_excerpt_info":null,"_links":{"self":[{"href":"https:\/\/zsmikulasezhusi.cz\/index.php?rest_route=\/wp\/v2\/pages\/1346","targetHints":{"allow":["GET"]}}],"collection":[{"href":"https:\/\/zsmikulasezhusi.cz\/index.php?rest_route=\/wp\/v2\/pages"}],"about":[{"href":"https:\/\/zsmikulasezhusi.cz\/index.php?rest_route=\/wp\/v2\/types\/page"}],"author":[{"embeddable":true,"href":"https:\/\/zsmikulasezhusi.cz\/index.php?rest_route=\/wp\/v2\/users\/1"}],"replies":[{"embeddable":true,"href":"https:\/\/zsmikulasezhusi.cz\/index.php?rest_route=%2Fwp%2Fv2%2Fcomments&post=1346"}],"version-history":[{"count":25,"href":"https:\/\/zsmikulasezhusi.cz\/index.php?rest_route=\/wp\/v2\/pages\/1346\/revisions"}],"predecessor-version":[{"id":2303,"href":"https:\/\/zsmikulasezhusi.cz\/index.php?rest_route=\/wp\/v2\/pages\/1346\/revisions\/2303"}],"wp:attachment":[{"href":"https:\/\/zsmikulasezhusi.cz\/index.php?rest_route=%2Fwp%2Fv2%2Fmedia&parent=1346"}],"curies":[{"name":"wp","href":"https:\/\/api.w.org\/{rel}","templated":true}]}}