{"id":1284,"date":"2025-03-03T08:38:04","date_gmt":"2025-03-03T07:38:04","guid":{"rendered":"https:\/\/zsmikulasezhusi.cz\/?page_id=1284"},"modified":"2026-05-04T09:13:20","modified_gmt":"2026-05-04T07:13:20","slug":"informace-pro-zaky-6-rocniku","status":"publish","type":"page","link":"https:\/\/zsmikulasezhusi.cz\/?page_id=1284","title":{"rendered":"Informace pro budouc\u00ed \u017e\u00e1ky 6. ro\u010dn\u00edk\u016f"},"content":{"rendered":"\n<p>P\u0159ipravuj<\/p>\n\n\n<p><div class='w3eden'><!-- WPDM Link Template: Default Template -->\n\n<div class=\"link-template-default card mb-2\">\n    <div class=\"card-body\">\n        <div class=\"media\">\n            <div class=\"mr-3 img-48\"><img decoding=\"async\" class=\"wpdm_icon\" alt=\"Ikona\"   src=\"https:\/\/zsmikulasezhusi.cz\/wp-content\/plugins\/download-manager\/assets\/file-type-icons\/pdf.svg\" \/><\/div>\n            <div class=\"media-body\">\n                <h3 class=\"package-title\"><a href='https:\/\/zsmikulasezhusi.cz\/?wpdmpro=seznam-prijatych-uchazecu-do-6-rocniku-s-rvj-skolni-rok-2026-2027'>Seznam p\u0159ijat\u00fdch uchaze\u010d\u016f do 6. ro\u010dn\u00edku s RVJ \u2013 \u0161koln\u00ed rok 2026\/2027<\/a><\/h3>\n                <div class=\"text-muted text-small\"><i class=\"fas fa-copy\"><\/i> 1 soubor(y) <i class=\"fas fa-hdd ml-3\"><\/i> 194.67 KB<\/div>\n            <\/div>\n            <div class=\"ml-3\">\n                <a class='wpdm-download-link download-on-click btn btn-primary ' rel='nofollow' href='#' data-downloadurl=\"https:\/\/zsmikulasezhusi.cz\/?wpdmpro=seznam-prijatych-uchazecu-do-6-rocniku-s-rvj-skolni-rok-2026-2027&wpdmdl=2507&refresh=69fb2b095a7f01778068233\">St\u00e1hnout<\/a>\n            <\/div>\n        <\/div>\n    <\/div>\n<\/div>\n\n<\/div><br \/>\n<div class='w3eden'><!-- WPDM Link Template: Default Template -->\n\n<div class=\"link-template-default card mb-2\">\n    <div class=\"card-body\">\n        <div class=\"media\">\n            <div class=\"mr-3 img-48\"><img decoding=\"async\" class=\"wpdm_icon\" alt=\"Ikona\"   src=\"https:\/\/zsmikulasezhusi.cz\/wp-content\/plugins\/download-manager\/assets\/file-type-icons\/pdf.svg\" \/><\/div>\n            <div class=\"media-body\">\n                <h3 class=\"package-title\"><a href='https:\/\/zsmikulasezhusi.cz\/?wpdmpro=informace-o-skole'>Informace o \u0161kole<\/a><\/h3>\n                <div class=\"text-muted text-small\"><i class=\"fas fa-copy\"><\/i> 1 soubor(y) <i class=\"fas fa-hdd ml-3\"><\/i> 131.03 KB<\/div>\n            <\/div>\n            <div class=\"ml-3\">\n                <a class='wpdm-download-link download-on-click btn btn-primary ' rel='nofollow' href='#' data-downloadurl=\"https:\/\/zsmikulasezhusi.cz\/?wpdmpro=informace-o-skole&wpdmdl=1293&refresh=69fb2b095d5541778068233\">St\u00e1hnout<\/a>\n            <\/div>\n        <\/div>\n    <\/div>\n<\/div>\n\n<\/div><br \/>\n<div class='w3eden'><!-- WPDM Link Template: Default Template -->\n\n<div class=\"link-template-default card mb-2\">\n    <div class=\"card-body\">\n        <div class=\"media\">\n            <div class=\"mr-3 img-48\"><img decoding=\"async\" class=\"wpdm_icon\" alt=\"Ikona\"   src=\"https:\/\/zsmikulasezhusi.cz\/wp-content\/plugins\/download-manager\/assets\/file-type-icons\/docx.png\" \/><\/div>\n            <div class=\"media-body\">\n                <h3 class=\"package-title\"><a href='https:\/\/zsmikulasezhusi.cz\/?wpdmpro=informace-ke-vstupu-do-6-tridy-2'>Informace ke vstupn\u00edmu testu z AJ<\/a><\/h3>\n                <div class=\"text-muted text-small\"><i class=\"fas fa-copy\"><\/i> 1 soubor(y) <i class=\"fas fa-hdd ml-3\"><\/i> 15.90 KB<\/div>\n            <\/div>\n            <div class=\"ml-3\">\n                <a class='wpdm-download-link download-on-click btn btn-primary ' rel='nofollow' href='#' data-downloadurl=\"https:\/\/zsmikulasezhusi.cz\/?wpdmpro=informace-ke-vstupu-do-6-tridy-2&wpdmdl=254&refresh=69fb2b095ea8e1778068233\">St\u00e1hnout<\/a>\n            <\/div>\n        <\/div>\n    <\/div>\n<\/div>\n\n<\/div><br \/>\n<div class='w3eden'><!-- WPDM Link Template: Default Template -->\n\n<div class=\"link-template-default card mb-2\">\n    <div class=\"card-body\">\n        <div class=\"media\">\n            <div class=\"mr-3 img-48\"><img decoding=\"async\" class=\"wpdm_icon\" alt=\"Ikona\"   src=\"https:\/\/zsmikulasezhusi.cz\/wp-content\/plugins\/download-manager\/assets\/file-type-icons\/pdf.svg\" \/><\/div>\n            <div class=\"media-body\">\n                <h3 class=\"package-title\"><a href='https:\/\/zsmikulasezhusi.cz\/?wpdmpro=informace-ke-vstupnimu-testu-z-anglictiny-do-6-trid-s-rozsirenou-vyukou-jazyku'>Informace ke vstupn\u00edmu testu z angli\u010dtiny do 6. t\u0159\u00edd s roz\u0161\u00ed\u0159enou v\u00fdukou jazyk\u016f<\/a><\/h3>\n                <div class=\"text-muted text-small\"><i class=\"fas fa-copy\"><\/i> 1 soubor(y) <i class=\"fas fa-hdd ml-3\"><\/i> 115.71 KB<\/div>\n            <\/div>\n            <div class=\"ml-3\">\n                <a class='wpdm-download-link download-on-click btn btn-primary ' rel='nofollow' href='#' data-downloadurl=\"https:\/\/zsmikulasezhusi.cz\/?wpdmpro=informace-ke-vstupnimu-testu-z-anglictiny-do-6-trid-s-rozsirenou-vyukou-jazyku&wpdmdl=2377&refresh=69fb2b095ff891778068233\">St\u00e1hnout<\/a>\n            <\/div>\n        <\/div>\n    <\/div>\n<\/div>\n\n<\/div><br \/>\n<div class='w3eden'><!-- WPDM Link Template: Default Template -->\n\n<div class=\"link-template-default card mb-2\">\n    <div class=\"card-body\">\n        <div class=\"media\">\n            <div class=\"mr-3 img-48\"><img decoding=\"async\" class=\"wpdm_icon\" alt=\"Ikona\"   src=\"https:\/\/zsmikulasezhusi.cz\/wp-content\/plugins\/download-manager\/assets\/file-type-icons\/docx.png\" \/><\/div>\n            <div class=\"media-body\">\n                <h3 class=\"package-title\"><a href='https:\/\/zsmikulasezhusi.cz\/?wpdmpro=prihlaska-zadost-o-prestup'>P\u0159ihl\u00e1\u0161ka \u2013 \u017e\u00e1dost o p\u0159estup<\/a><\/h3>\n                <div class=\"text-muted text-small\"><i class=\"fas fa-copy\"><\/i> 1 soubor(y) <i class=\"fas fa-hdd ml-3\"><\/i> 19.70 KB<\/div>\n            <\/div>\n            <div class=\"ml-3\">\n                <a class='wpdm-download-link download-on-click btn btn-primary ' rel='nofollow' href='#' data-downloadurl=\"https:\/\/zsmikulasezhusi.cz\/?wpdmpro=prihlaska-zadost-o-prestup&wpdmdl=2352&refresh=69fb2b096125c1778068233\">St\u00e1hnout<\/a>\n            <\/div>\n        <\/div>\n    <\/div>\n<\/div>\n\n<\/div><\/p>\n\n\n\n<p><\/p>\n","protected":false},"excerpt":{"rendered":"<p>P\u0159ipravuj<\/p>\n","protected":false},"author":1,"featured_media":0,"parent":0,"menu_order":0,"comment_status":"closed","ping_status":"closed","template":"","meta":{"_editorskit_title_hidden":false,"_editorskit_reading_time":0,"_editorskit_is_block_options_detached":false,"_editorskit_block_options_position":"{}","footnotes":""},"class_list":["post-1284","page","type-page","status-publish","hentry"],"featured_image_src":"","featured_image_src_square":false,"rbea_author_info":{"display_name":"admin","author_link":"https:\/\/zsmikulasezhusi.cz\/?author=1"},"rbea_excerpt_info":"P\u0159ipravuj","_links":{"self":[{"href":"https:\/\/zsmikulasezhusi.cz\/index.php?rest_route=\/wp\/v2\/pages\/1284","targetHints":{"allow":["GET"]}}],"collection":[{"href":"https:\/\/zsmikulasezhusi.cz\/index.php?rest_route=\/wp\/v2\/pages"}],"about":[{"href":"https:\/\/zsmikulasezhusi.cz\/index.php?rest_route=\/wp\/v2\/types\/page"}],"author":[{"embeddable":true,"href":"https:\/\/zsmikulasezhusi.cz\/index.php?rest_route=\/wp\/v2\/users\/1"}],"replies":[{"embeddable":true,"href":"https:\/\/zsmikulasezhusi.cz\/index.php?rest_route=%2Fwp%2Fv2%2Fcomments&post=1284"}],"version-history":[{"count":11,"href":"https:\/\/zsmikulasezhusi.cz\/index.php?rest_route=\/wp\/v2\/pages\/1284\/revisions"}],"predecessor-version":[{"id":2508,"href":"https:\/\/zsmikulasezhusi.cz\/index.php?rest_route=\/wp\/v2\/pages\/1284\/revisions\/2508"}],"wp:attachment":[{"href":"https:\/\/zsmikulasezhusi.cz\/index.php?rest_route=%2Fwp%2Fv2%2Fmedia&parent=1284"}],"curies":[{"name":"wp","href":"https:\/\/api.w.org\/{rel}","templated":true}]}}