{"id":128,"date":"2024-02-27T12:29:52","date_gmt":"2024-02-27T11:29:52","guid":{"rendered":"http:\/\/341776.w76.wedos.ws\/?page_id=128"},"modified":"2026-04-21T14:49:03","modified_gmt":"2026-04-21T12:49:03","slug":"skolni-jidelna","status":"publish","type":"page","link":"https:\/\/zsmikulasezhusi.cz\/?page_id=128","title":{"rendered":"\u0160koln\u00ed j\u00eddelna"},"content":{"rendered":"\n<h2 class=\"wp-block-heading\"><strong>Informace \u0161koln\u00ed j\u00eddelny a j\u00eddeln\u00ed\u010dek<\/strong><\/h2>\n\n\n\n<hr class=\"wp-block-separator has-alpha-channel-opacity\"\/>\n\n\n\n<p><strong>Zp\u016fsob odhla\u0161ov\u00e1n\u00ed:&nbsp; &nbsp; &nbsp; &nbsp; &nbsp; &nbsp; &nbsp; &nbsp; &nbsp; &nbsp; &nbsp; &nbsp; &nbsp; &nbsp; &nbsp; &nbsp; &nbsp; &nbsp; &nbsp; &nbsp; &nbsp; &nbsp; &nbsp; &nbsp; &nbsp; &nbsp; &nbsp; &nbsp; &nbsp; &nbsp; &nbsp; &nbsp; &nbsp; &nbsp; &nbsp; &nbsp; &nbsp; &nbsp; &nbsp; &nbsp; &nbsp; &nbsp; &nbsp; &nbsp;<\/strong><\/p>\n\n\n\n<p>Ob\u011bd na p\u0159\u00edslu\u0161n\u00fd den je t\u0159eba odhl\u00e1sit p\u0159edch\u00e1zej\u00edc\u00ed den t\u011bmito zp\u016fsoby:<\/p>\n\n\n\n<ul class=\"wp-block-list\">\n<li>zaps\u00e1n\u00edm do se\u0161itu ve \u0161koln\u00ed j\u00eddeln\u011b do 13:30<\/li>\n\n\n\n<li>telefonem do 13:00 hodin<\/li>\n\n\n\n<li>e-mailem do 13:00 hodin<\/li>\n\n\n\n<li>aplikac\u00ed Strava.cz do 13:00 hodin<\/li>\n<\/ul>\n\n\n\n<p><strong>V\u00fddej n\u00e1hradn\u00edch stravenek:<\/strong><\/p>\n\n\n\n<p>N\u00e1hradn\u00ed l\u00edstky se vyd\u00e1vaj\u00ed:<\/p>\n\n\n\n<ul class=\"wp-block-list\">\n<li>ve 12:00 hodin<\/li>\n\n\n\n<li>ve 12:50 hodin<\/li>\n\n\n\n<li>ve 13:40 hodin<\/li>\n<\/ul>\n\n\n\n<p><strong>Platba v&nbsp;hotovosti na n\u00e1sleduj\u00edc\u00ed m\u011bs\u00edc<\/strong>&nbsp;mus\u00ed b\u00fdt vyhotovena v\u017edy&nbsp;do 28. dne v m\u011bs\u00edci<\/p>\n\n\n\n<p><strong>O letn\u00edch (hlavn\u00edch) pr\u00e1zdnin\u00e1ch<\/strong>&nbsp;(7. a 8. m\u011bs\u00edc) plat\u00ed d\u011bti z&nbsp;mate\u0159sk\u00fdch \u0161kol v&nbsp;hotovosti<\/p>\n\n\n\n<p><strong>V\u00fddej ob\u011bd\u016f ve \u0161koln\u00ed j\u00eddeln\u011b<\/strong>&nbsp;je v&nbsp;dob\u011b od 11:25 hod do 14:00 hod<\/p>\n\n\n\n<p><strong>Do j\u00eddlonosi\u010d\u016f se ve \u0161koln\u00ed j\u00eddeln\u011b<\/strong>&nbsp;zpravidla vyd\u00e1v\u00e1&nbsp;v&nbsp;dob\u011b od 10:45 hod&nbsp;do 11:00 hod<\/p>\n\n\n\n<p><strong>Ciz\u00ed str\u00e1vn\u00edci<\/strong>&nbsp;se stravuj\u00ed ve \u0161koln\u00ed j\u00eddeln\u011b&nbsp;od 11:25 hod do 11:40 hod<\/p>\n\n\n\n<p>Pokladna je otev\u0159ena denn\u011b od 10:30 hodin do 13:30 hodin.<\/p>\n\n\n\n<p class=\"has-text-align-left has-vivid-red-color has-text-color has-link-color has-large-font-size wp-elements-88691930a0ad62d35cbf05664d28c844\"><strong>V\u00fddej ob\u011bd\u016f: <\/strong><\/p>\n\n\n\n<p><strong>\u010casov\u00fd harmonogram:<\/strong><br><strong>10:45 &#8211; 11:00&nbsp; &nbsp; &nbsp; &nbsp; &nbsp; &nbsp;  V\u00fddej do j\u00eddlonosi\u010d\u016f<\/strong><br><strong>11:00 &#8211; 11:20&nbsp; &nbsp; &nbsp; &nbsp; &nbsp; &nbsp; &nbsp;Muzeum &#8211; mal\u00e1 j\u00eddelna<\/strong><br><strong>11:00 &#8211; 11:35&nbsp; &nbsp; &nbsp; &nbsp; &nbsp; &nbsp; &nbsp;Zam\u011bstnanci \u0161koly &#8211; velk\u00e1 j\u00eddelna<\/strong><br><strong>11:40 &#8211; 14:00&nbsp;&nbsp;&nbsp;&nbsp;&nbsp;&nbsp;&nbsp;&nbsp;&nbsp;&nbsp;&nbsp;&nbsp; Z\u0160 d\u011bti + zam. \u0161koly<\/strong><\/p>\n\n\n\n<p><\/p>\n\n\n\n<p><strong>Zm\u011bna j\u00eddeln\u00edho l\u00edstku vyhrazena<\/strong><\/p>\n\n\n\n<p>01 Obiloviny obsahuj\u00edc\u00ed lepek, 02 Kor\u00fd\u0161i, 03 Vejce, 04 Ryby, 05 Podzemnice olejn\u00e1 (ara\u0161\u00eddy), 06 S\u00f3jov\u00e9 boby, 07 Ml\u00e9ko, 08 Sko\u0159\u00e1pkov\u00e9 plody (mandle, o\u0159echy&#8230;), 09 celer, 10 Ho\u0159\u010dice, 11 Sezamov\u00e1 semena (sezam), 12 Oxid si\u0159i\u010dit\u00fd a si\u0159i\u010ditany (v koncentrac\u00edch vy\u0161\u0161\u00edch ne\u017e 10 mg, ml\/kg,l), 13 Vl\u010d\u00ed bob (lupina), 14 M\u011bkk\u00fd\u0161i&nbsp;<strong>Seznam alergen\u016f:<\/strong><br><\/p>\n\n\n\n<p class=\"has-text-align-center\"><strong><em>Kolektiv kuchyn\u011b p\u0159eje v\u0161em str\u00e1vn\u00edk\u016fm &#8222;Dobrou chu\u0165&#8220;<\/em><\/strong><\/p>\n\n\n\n<p class=\"has-text-align-center\"><strong><em>Va\u0161e p\u0159ipom\u00ednky p\u0159ij\u00edm\u00e1 vedouc\u00ed j\u00eddelny.<\/em><\/strong><\/p>\n\n\n\n<p><strong><em>Vedouc\u00ed \u0161koln\u00ed j\u00eddelny: Veronika Vackov\u00e1<\/em><\/strong><\/p>\n\n\n\n<p><strong><em>Vedouc\u00ed kucha\u0159ka: Jaroslava Posp\u00ed\u0161ilov\u00e1<\/em><\/strong><\/p>\n\n\n\n<p><strong><em>\u00da\u010detn\u00ed \u0161koln\u00ed j\u00eddelny: Eva \u0158\u00edhov\u00e1<\/em><\/strong><\/p>\n\n\n\n<p><strong>Stanoven\u00ed v\u00fd\u0161e stravn\u00e9ho od 1.9.2025<\/strong><\/p>\n\n\n\n<figure class=\"wp-block-table\"><table><tbody><tr><td><strong>kategorie:<\/strong><\/td><td class=\"has-text-align-center\" data-align=\"center\"><strong>od 1.9.2025<\/strong><\/td><\/tr><tr><td>M\u0160 sva\u010dina odpoledn\u00ed<\/td><td class=\"has-text-align-center\" data-align=\"center\">12<\/td><\/tr><tr><td>M\u0160 ob\u011bd<\/td><td class=\"has-text-align-center\" data-align=\"center\">26<\/td><\/tr><tr><td>M\u0160 p\u0159esn\u00edd\u00e1vka dopoledn\u00ed<\/td><td class=\"has-text-align-center\" data-align=\"center\">13<\/td><\/tr><tr><td>M\u0160 sva\u010dina 7 let odpoledn\u00ed<\/td><td class=\"has-text-align-center\" data-align=\"center\">13<\/td><\/tr><tr><td>M\u0160 ob\u011bd 7 let<\/td><td class=\"has-text-align-center\" data-align=\"center\">32<\/td><\/tr><tr><td>M\u0160 p\u0159esn\u00edd\u00e1vka 7 let dopoledn\u00ed<\/td><td class=\"has-text-align-center\" data-align=\"center\">14<\/td><\/tr><tr><td>I.&nbsp; stupe\u0148 (\u017e\u00e1ci do 10 let)<\/td><td class=\"has-text-align-center\" data-align=\"center\">34<\/td><\/tr><tr><td>II. stupe\u0148 (\u017e\u00e1ci 11 &#8211; 14 let)<\/td><td class=\"has-text-align-center\" data-align=\"center\">38<\/td><\/tr><tr><td>d\u011bti 15 let<\/td><td class=\"has-text-align-center\" data-align=\"center\">42<\/td><\/tr><\/tbody><\/table><\/figure>\n\n\n\n<p><strong>Pros\u00edme z\u00e1konn\u00e9 z\u00e1stupce d\u011bt\u00ed &nbsp;a \u017e\u00e1k\u016f o p\u0159\u00edpadnou \u00fapravu limitu inkasa stravn\u00e9ho. &nbsp;<\/strong>&nbsp;<\/p>\n\n\n\n<p class=\"has-text-align-center\">\u0160koln\u00ed j\u00eddelna, n\u00e1m\u011bst\u00ed Mikul\u00e1\u0161e z&nbsp;Husi 45, T\u00e1bor<\/p>\n\n\n\n<p class=\"has-text-align-center\"><strong>Mno\u017estv\u00ed pokrm\u016f<\/strong><\/p>\n\n\n\n<p class=\"has-text-align-center\">Informace dle \u00a79a odst. 1 p\u00edsm. c) Z\u00e1kona \u010d. 110\/1997 Sb.<\/p>\n\n\n\n<figure class=\"wp-block-table\"><table><tbody><tr><td rowspan=\"2\">Pokrm<\/td><td colspan=\"4\">Mno\u017estv\u00ed pokrmu na jednu porci dle v\u011bkov\u00e9 kategorie<\/td><\/tr><tr><td>Dosp\u011bl\u00ed \/15+<\/td><td>11-14 let<\/td><td>7-10 let<\/td><td>3-6 let<\/td><\/tr><tr><td colspan=\"5\">I. P\u0159esn\u00edd\u00e1vky, sva\u010diny<\/td><\/tr><tr><td><strong>Pe\u010divo, sladk\u00e9 pe\u010divo, mou\u010dn\u00edky (kusov\u00e9 pe\u010divo)<\/strong><\/td><td>2 ks \/ 2 ks<\/td><td>2 ks<\/td><td>1 ks<\/td><td>1 ks<\/td><\/tr><tr><td><strong>Chl\u00e9b, veka (kr\u00e1jen\u00e9 pe\u010divo)<\/strong><\/td><td>100 g \/ 80 g<\/td><td>80 g<\/td><td>60 g<\/td><td>50 g<\/td><\/tr><tr><td><strong>Pomaz\u00e1nky, ochucen\u00e9 m\u00e1slo<\/strong><\/td><td>&#8211;<\/td><td>&#8211;<\/td><td>&#8211;<\/td><td>20 g<\/td><\/tr><tr><td><strong>M\u00e1slo, margar\u00edn<\/strong><\/td><td>&#8211;<\/td><td>&#8211;<\/td><td>&#8211;<\/td><td>20 g<\/td><\/tr><tr><td><strong>Zelenina, ovoce<\/strong><\/td><td>60 g \/ 50 g<\/td><td>45 g<\/td><td>40 g<\/td><td>30 g<\/td><\/tr><tr><td><strong>P\u0159esn\u00edd\u00e1vka, puding, \u0161lehan\u00fd tvaroh, jogurt<\/strong><\/td><td>125 g \/125 g<\/td><td>125 g<\/td><td>125 g<\/td><td>100 g<\/td><\/tr><tr><td><strong>Pi\u0161koty, cere\u00e1lie<\/strong><\/td><td>60 g \/ 55 g<\/td><td>50 g<\/td><td>40 g<\/td><td>30 g<\/td><\/tr><tr><td><strong>N\u00e1poje ke sva\u010din\u00e1m<\/strong><\/td><td>200 ml \/200<\/td><td>200 ml<\/td><td>200 ml<\/td><td>200 ml<\/td><\/tr><tr><td><strong>&nbsp;<\/strong><\/td><td>&nbsp;<\/td><td>&nbsp;<\/td><td>&nbsp;<\/td><td>&nbsp;<\/td><\/tr><tr><td colspan=\"5\">II. Pol\u00e9vky<\/td><\/tr><tr><td><strong>Pol\u00e9vka<\/strong><\/td><td>300 ml \/ 240<\/td><td>220 ml<\/td><td>180 ml<\/td><td>150 ml<\/td><\/tr><tr><td><strong>Ope\u010den\u00e9 pe\u010divo, krutony do pol\u00e9vky<\/strong><\/td><td>10 g \/ 9 g<\/td><td>8 g<\/td><td>6 g<\/td><td>5 g<\/td><\/tr><tr><td><strong>&nbsp;<\/strong><\/td><td>&nbsp;<\/td><td>&nbsp;<\/td><td>&nbsp;<\/td><td>&nbsp;<\/td><\/tr><tr><td colspan=\"5\">III. Hlavn\u00ed j\u00eddla<\/td><\/tr><tr><td><strong>Hov\u011bz\u00ed maso p\u0159\u00edrodn\u00ed, va\u0159en\u00e9, du\u0161en\u00e9, pe\u010den\u00e9<\/strong><\/td><td>60 g \/ 48 g<\/td><td>45 g<\/td><td>35 g<\/td><td>30 g<\/td><\/tr><tr><td><strong>Vep\u0159ov\u00e9 maso p\u0159\u00edrodn\u00ed, va\u0159en\u00e9, du\u0161en\u00e9, pe\u010den\u00e9<\/strong><\/td><td>62 g \/ 50 g<\/td><td>45 g<\/td><td>37 g<\/td><td>31 g<\/td><\/tr><tr><td><strong>Sma\u017een\u00fd \u0159\u00edzek (vep\u0159ov\u00fd, ku\u0159ec\u00ed, kr\u016ft\u00ed)<\/strong><\/td><td>120 g \/ 95 g<\/td><td>85 g<\/td><td>71 g<\/td><td>60 g<\/td><\/tr><tr><td><strong>Sekan\u00e1 pe\u010den\u011b, karban\u00e1tek pe\u010den\u00fd<\/strong><\/td><td>100 g \/ 80 g<\/td><td>70 g<\/td><td>60 g<\/td><td>50 g<\/td><\/tr><tr><td><strong>Sma\u017een\u00fd karban\u00e1tek<\/strong><\/td><td>140 g \/ 115 g<\/td><td>110 g<\/td><td>80 g<\/td><td>70 g<\/td><\/tr><tr><td><strong>Gul\u00e1\u0161 (maso + om\u00e1\u010dka)<\/strong><\/td><td>60+120 g49+95 g<\/td><td>42+84 g<\/td><td>36+72 g<\/td><td>30+60 g<\/td><\/tr><tr><td><strong>Ryb\u00ed fil\u00e9 sma\u017een\u00e9, pe\u010den\u00e9, zape\u010den\u00e9 se s\u00fdrem<\/strong><\/td><td>100 g \/ 80 g<\/td><td>70 g<\/td><td>60 g<\/td><td>50 g<\/td><\/tr><tr><td><strong>Ryb\u00ed prsty sma\u017een\u00e9, pe\u010den\u00e9 (1 ks \u00e1 30 g)<\/strong><\/td><td>5 ks \/ 5 ks<\/td><td>4ks<\/td><td>3ks<\/td><td>2 ks<\/td><\/tr><tr><td><strong>Ku\u0159e pe\u010den\u00e9 (stehno)<\/strong><\/td><td>160 g \/ 140 g<\/td><td>130 g<\/td><td>100 g<\/td><td>80 g<\/td><\/tr><tr><td><strong>Ku\u0159e na paprice (bez kosti)<\/strong><\/td><td>60 g \/ 49 g<\/td><td>45 g<\/td><td>40 g<\/td><td>30 g<\/td><\/tr><tr><td><strong>Kv\u011bt\u00e1k sma\u017een\u00fd<\/strong><\/td><td>200 g \/ 160 g<\/td><td>150 g<\/td><td>120 g<\/td><td>100 g<\/td><\/tr><tr><td><strong>Rizoto z&nbsp;vep\u0159ov\u00e9ho, ku\u0159ec\u00edho masa, zeleninov\u00e9<\/strong><\/td><td>280 g \/ 260 g<\/td><td>245 g<\/td><td>170 g<\/td><td>140 g<\/td><\/tr><tr><td><strong>Zape\u010den\u00e9 t\u011bstoviny, zape\u010den\u00e9 brambory<\/strong><\/td><td>350 g \/ 280 g<\/td><td>260 g<\/td><td>190 g<\/td><td>175 g<\/td><\/tr><tr><td><strong>\u010co\u010dka na kyselo<\/strong><\/td><td>250 g \/ 200 g<\/td><td>180 g<\/td><td>150 g<\/td><td>125 g<\/td><\/tr><tr><td><strong>Fazolov\u00fd gul\u00e1\u0161, mexick\u00e9 fazole<\/strong><\/td><td>300 g \/ 270 g<\/td><td>250 g<\/td><td>200 g<\/td><td>150 g<\/td><\/tr><tr><td><strong>Bramborov\u00fd gul\u00e1\u0161<\/strong><\/td><td>300 g \/ 250 g<\/td><td>230 g<\/td><td>170 g<\/td><td>150 g<\/td><\/tr><tr><td><strong>Halu\u0161ky s&nbsp;uzen\u00fdm masem<\/strong><\/td><td>&#8211;<\/td><td>&#8211;<\/td><td>&#8211;<\/td><td>&#8211;<\/td><\/tr><tr><td><strong>Vejce<\/strong><\/td><td>2 ks \/ 2 ks<\/td><td>1,5 ks<\/td><td>1 ks<\/td><td>1 ks<\/td><\/tr><tr><td><strong>P\u00e1rek, klob\u00e1sa (\u00e1 50 g)<\/strong><\/td><td>&#8211;<\/td><td>&#8211;<\/td><td>&#8211;<\/td><td>&nbsp;&nbsp;&nbsp;&nbsp;&nbsp;&nbsp;&nbsp;&nbsp;&nbsp; &#8211;<\/td><\/tr><tr><td><strong>&nbsp;<\/strong><\/td><td>&nbsp;<\/td><td>&nbsp;<\/td><td>&nbsp;<\/td><td>&nbsp;<\/td><\/tr><tr><td colspan=\"5\">IV. Sladk\u00e1 j\u00eddla<\/td><\/tr><tr><td><strong>\u017demlovka<\/strong><\/td><td>300 g \/240 g<\/td><td>230 g<\/td><td>170 g<\/td><td>150 g<\/td><\/tr><tr><td><strong>Buchty pln\u011bn\u00e9<\/strong><\/td><td>300 g \/240 g<\/td><td>230 g<\/td><td>170 g<\/td><td>150 g<\/td><\/tr><tr><td><strong>Duk\u00e1tov\u00e9 buchti\u010dky + kr\u00e9m<\/strong><\/td><td>170 + 200 g135 + 160 g<\/td><td>120 + 140 g<\/td><td>100 + 120 g<\/td><td>85 + 100 g<\/td><\/tr><tr><td><strong>Pln\u011bn\u00e9 knedl\u00edky (kynut\u00e9, tvarohov\u00e9)<\/strong>&#8211; posyp- m\u00e1slo<strong><\/strong><\/td><td>250 g \/ 230 g<br>75 g \/&nbsp;&nbsp; 65 g<br>20 g \/&nbsp; 18 g<\/td><td>220 g<br>60 g<br>15 g<\/td><td>180 g<br>45 g<br>12 g<\/td><td>125 g<br>40 g<br>10 g<\/td><\/tr><tr><td><strong>T\u011bstoviny na sladko<\/strong>&#8211; posyp- m\u00e1slo<strong><\/strong><\/td><td>300 g \/ 240 g<br>45 g \/ 42 g<br>20 g \/&nbsp;&nbsp; 18 g<\/td><td>230 g<br>40 g<br>15 g<\/td><td>170 g<br>30 g<br>12 g<\/td><td>150 g<br>23 g<br>10 g<\/td><\/tr><tr><td><strong>Krupicov\u00e1 ka\u0161e<\/strong>&#8211; posyp- m\u00e1slo<strong><\/strong><\/td><td>340 g \/ 270 g<br>25 g \/&nbsp; 24 g<br>10 g\/&nbsp;&nbsp;&nbsp;&nbsp;&nbsp; 9 g<\/td><td>250 g<br>22 g<br>8 g<\/td><td>180 g<br>20 g<br>6 g<\/td><td>170 g<br>18 g<br>5 g<\/td><\/tr><tr><td><strong>&nbsp;<\/strong><\/td><td>&nbsp;<\/td><td>&nbsp;<\/td><td>&nbsp;<\/td><td>&nbsp;<\/td><\/tr><tr><td colspan=\"5\">V. P\u0159\u00edlohy<\/td><\/tr><tr><td><strong>Om\u00e1\u010dka<\/strong><\/td><td>150 g \/130 g<\/td><td>120 g<\/td><td>90 g<\/td><td>75 g<\/td><\/tr><tr><td><strong>\u0160\u0165\u00e1va k&nbsp;masu<\/strong><\/td><td>50 g \/ 50 g<\/td><td>50 g<\/td><td>30 g<\/td><td>25 g<\/td><\/tr><tr><td><strong>Zelenina va\u0159en\u00e1, du\u0161en\u00e1<\/strong><\/td><td>125 g \/100 g<\/td><td>90 g<\/td><td>75 g<\/td><td>65 g<\/td><\/tr><tr><td><strong>Brambory va\u0159en\u00e9, bramborov\u00e1 ka\u0161e<\/strong><\/td><td>250 g \/220 g<\/td><td>200 g<\/td><td>150 g<\/td><td>125 g<\/td><\/tr><tr><td><strong>Bramborov\u00fd sal\u00e1t<\/strong><\/td><td>300 g \/260 g<\/td><td>250 g<\/td><td>200 g<\/td><td>150 g<\/td><\/tr><tr><td><strong>R\u00fd\u017ee du\u0161en\u00e1<\/strong><\/td><td>160 g \/150 g<\/td><td>140 g<\/td><td>100 g<\/td><td>80 g<\/td><\/tr><tr><td><strong>T\u011bstoviny va\u0159en\u00e9<\/strong><\/td><td>200 g \/170 g<\/td><td>160 g<\/td><td>120 g<\/td><td>100 g<\/td><\/tr><tr><td><strong>Knedl\u00edky houskov\u00e9<\/strong><\/td><td>160 g \/150 g<\/td><td>140 g<\/td><td>100 g<\/td><td>80 g<\/td><\/tr><tr><td><strong>Knedl\u00edky bramborov\u00e9<\/strong><\/td><td>200 g \/170 g<\/td><td>160 g<\/td><td>120 g<\/td><td>100 g<\/td><\/tr><tr><td><strong>Pe\u010divo kusov\u00e9 \u2013 rohl\u00edk, plet\u00fdnka (1 kus cca 50 g)<\/strong><\/td><td>2 ks \/ 2 ks<\/td><td>2 ks<\/td><td>1 ks<\/td><td>1 ks<\/td><\/tr><tr><td><strong>Pe\u010divo kr\u00e1jen\u00e9 \u2013 chl\u00e9b, bageta, veka<\/strong><\/td><td>100 g \/ 80 g<\/td><td>70 g<\/td><td>60 g<\/td><td>50 g<\/td><\/tr><tr><td><strong>Strouhan\u00fd s\u00fdr<\/strong><\/td><td>15 g \/ 14 g<\/td><td>13 g<\/td><td>10 g<\/td><td>8 g<\/td><\/tr><tr><td><strong>&nbsp;<\/strong><\/td><td>&nbsp;<\/td><td>&nbsp;<\/td><td>&nbsp;<\/td><td>&nbsp;<\/td><\/tr><tr><td colspan=\"5\">VI. Mou\u010dn\u00edky, sal\u00e1ty, n\u00e1poje<\/td><\/tr><tr><td><strong>Sal\u00e1t zeleninov\u00fd, kompot<\/strong><\/td><td>120 g \/ 110 g<\/td><td>100 g<\/td><td>70 g<\/td><td>60 g<\/td><\/tr><tr><td><strong>Zeleninov\u00e1 obloha<\/strong><\/td><td>50 g \/ 45 g<\/td><td>40 g<\/td><td>30 g<\/td><td>25 g<\/td><\/tr><tr><td><strong>Dresing, studen\u00e1 om\u00e1\u010dka<\/strong><\/td><td>50 g \/ 45 g<\/td><td>40 g<\/td><td>30 g<\/td><td>25 g<\/td><\/tr><tr><td><strong>Okurek sterilovan\u00fd<\/strong><\/td><td>2 ks \/ 2 ks<\/td><td>1 ks<\/td><td>1 ks<\/td><td>1 ks<\/td><\/tr><tr><td><strong>&nbsp;<\/strong><\/td><td>&nbsp;<\/td><td>&nbsp;<\/td><td>&nbsp;<\/td><td>&nbsp;<\/td><\/tr><tr><td><strong>Tvarohov\u00fd kr\u00e9m, jogurt, puding,<br>ovocn\u00e1 p\u0159esn\u00edd\u00e1vka<\/strong><\/td><td>100 g \/ 80 g<\/td><td>70 g<\/td><td>60 g<\/td><td>50 g<\/td><\/tr><tr><td><strong>&nbsp;<\/strong><\/td><td>&nbsp;<\/td><td>&nbsp;<\/td><td>&nbsp;<\/td><td>&nbsp;<\/td><\/tr><tr><td><strong>N\u00e1poj<\/strong><\/td><td>200 ml \/ 200<\/td><td>200 ml<\/td><td>200 ml<\/td><td>200 ml<\/td><\/tr><\/tbody><\/table><\/figure>\n","protected":false},"excerpt":{"rendered":"<p>Informace \u0161koln\u00ed j\u00eddelny a j\u00eddeln\u00ed\u010dek Zp\u016fsob odhla\u0161ov\u00e1n\u00ed:&nbsp; &nbsp; &nbsp; &nbsp; &nbsp; &nbsp; &nbsp; &nbsp; &nbsp; &nbsp; &nbsp; &nbsp; &nbsp; &nbsp; &hellip; <\/p>\n","protected":false},"author":1,"featured_media":0,"parent":0,"menu_order":0,"comment_status":"closed","ping_status":"closed","template":"","meta":{"_editorskit_title_hidden":false,"_editorskit_reading_time":0,"_editorskit_is_block_options_detached":false,"_editorskit_block_options_position":"{}","footnotes":""},"class_list":["post-128","page","type-page","status-publish","hentry"],"featured_image_src":"","featured_image_src_square":false,"rbea_author_info":{"display_name":"admin","author_link":"https:\/\/zsmikulasezhusi.cz\/?author=1"},"rbea_excerpt_info":"Informace \u0161koln\u00ed j\u00eddelny a j\u00eddeln\u00ed\u010dek Zp\u016fsob odhla\u0161ov\u00e1n\u00ed:&nbsp; &nbsp; &nbsp; &nbsp; &nbsp; &nbsp; &nbsp; &nbsp; &nbsp; &nbsp; &nbsp; &nbsp; &nbsp; &nbsp; &hellip; ","_links":{"self":[{"href":"https:\/\/zsmikulasezhusi.cz\/index.php?rest_route=\/wp\/v2\/pages\/128","targetHints":{"allow":["GET"]}}],"collection":[{"href":"https:\/\/zsmikulasezhusi.cz\/index.php?rest_route=\/wp\/v2\/pages"}],"about":[{"href":"https:\/\/zsmikulasezhusi.cz\/index.php?rest_route=\/wp\/v2\/types\/page"}],"author":[{"embeddable":true,"href":"https:\/\/zsmikulasezhusi.cz\/index.php?rest_route=\/wp\/v2\/users\/1"}],"replies":[{"embeddable":true,"href":"https:\/\/zsmikulasezhusi.cz\/index.php?rest_route=%2Fwp%2Fv2%2Fcomments&post=128"}],"version-history":[{"count":33,"href":"https:\/\/zsmikulasezhusi.cz\/index.php?rest_route=\/wp\/v2\/pages\/128\/revisions"}],"predecessor-version":[{"id":2480,"href":"https:\/\/zsmikulasezhusi.cz\/index.php?rest_route=\/wp\/v2\/pages\/128\/revisions\/2480"}],"wp:attachment":[{"href":"https:\/\/zsmikulasezhusi.cz\/index.php?rest_route=%2Fwp%2Fv2%2Fmedia&parent=128"}],"curies":[{"name":"wp","href":"https:\/\/api.w.org\/{rel}","templated":true}]}}