{"id":104,"date":"2024-02-26T15:37:30","date_gmt":"2024-02-26T14:37:30","guid":{"rendered":"http:\/\/341776.w76.wedos.ws\/?page_id=104"},"modified":"2026-04-14T12:35:04","modified_gmt":"2026-04-14T10:35:04","slug":"kontakty","status":"publish","type":"page","link":"https:\/\/zsmikulasezhusi.cz\/?page_id=104","title":{"rendered":"Kontakty"},"content":{"rendered":"\n<p>Z\u00e1kladn\u00ed \u0161kola a Mate\u0159sk\u00e1 \u0161kola T\u00e1bor, n\u00e1m\u011bst\u00ed Mikul\u00e1\u0161e z Husi 45<br>n\u00e1m. Mikul\u00e1\u0161e z Husi 45<br>390 01 T\u00e1bor<\/p>\n\n\n\n<p><strong>I\u010cO:<\/strong>&nbsp;00582590<\/p>\n\n\n\n<p><strong>ID datov\u00e9 schr\u00e1nky:<\/strong>&nbsp;kr8mib4<br><br><\/p>\n\n\n\n<iframe loading=\"lazy\" src=\"https:\/\/www.google.com\/maps\/embed?pb=!1m17!1m11!1m3!1d1672.3698662821585!2d14.655952215501106!3d49.413615072802855!2m2!1f0!2f0!3m2!1i1024!2i768!4f13.1!3m3!1m2!1s0x0%3A0xde97151e175c9afe!2zWsOha2xhZG7DrSDFoWtvbGEgYSBNYXRlxZlza8OhIMWha29sYSBUw6Fib3I!5e1!3m2!1scs!2scz!4v1482147471981\" width=\"100%\" height=\"350\" frameborder=\"0\" style=\"border: 0;\" allowfullscreen=\"allowfullscreen\"><\/iframe>\n\n\n\n<figure class=\"wp-block-table aligncenter is-style-regular\"><table class=\"has-fixed-layout\"><tbody><tr><td><strong>Kancel\u00e1\u0159 \u0161koly<\/strong>:<\/td><td>381 252 057, 778 707 515<\/td><\/tr><tr><td><strong>\u0158editel \u0161koly:&nbsp;<\/strong>Mgr. Ladislav K\u0159emen<\/td><td>381&nbsp;253&nbsp;883<br><a href=\"mailto:reditel@zsmikulasezhusi.cz\">reditel@zsmikulasezhusi.cz<\/a><\/td><\/tr><tr><td><strong>Personalistka:<\/strong>&nbsp;Veronika Kalouskov\u00e1<\/td><td><a href=\"mailto:kancelar@zsmikulasezhusi.cz\">kancelar@zsmikulasezhusi.cz<\/a><br>Fax: 381&nbsp;253 883<\/td><\/tr><tr><td><strong>Ekonomka \u0161koly:<\/strong>&nbsp;Hana Cibulkov\u00e1<\/td><td><a href=\"mailto:ekonomka@zsmikulasezhusi.cz\">ekonom@zsmikulasezhusi.cz<\/a><\/td><\/tr><tr><td><strong>Statut\u00e1rn\u00ed z\u00e1stupce:<\/strong> Mgr. Jarmila Petr\u017eelov\u00e1<\/td><td>381&nbsp;252 057<\/td><\/tr><tr><td><strong>Z\u00e1stupce \u0159editele:<\/strong> Mgr. Petra Horov\u00e1<\/td><td>381&nbsp;252 057<\/td><\/tr><tr><td><strong>Vedouc\u00ed \u0161koln\u00ed j\u00eddelny:<\/strong> Veronika Vackov\u00e1<\/td><td>771 126 535<br><a href=\"mailto:jidelna@zsmikulasezhusi.cz\">jidelna@zsmikulasezhusi.cz<\/a>\u00a0(j\u00eddelna-odhl\u00e1\u0161ky)<\/td><\/tr><tr><td><strong>\u017di\u017ekova ba\u0161ta T\u00e1bor (<\/strong>\u0161koln\u00ed dru\u017eina<strong>)<\/strong><\/td><td>381 252 981, 778 707 525<\/td><\/tr><tr><td><strong>Vedouc\u00ed u\u010ditelka M\u0160 (Dlouh\u00e1 340):<\/strong><br>Mgr. Alena N\u011bmcov\u00e1<\/td><td>381&nbsp;251 174, 778 537 396<br><a href=\"mailto:msdlouha@zsmikulasezhusi.cz\">msdlouha@zsmikulasezhusi.cz<\/a><\/td><\/tr><tr><td><strong>Vedouc\u00ed u\u010ditelka M\u0160 (\u010celkovice):<br><\/strong>Romana Krej\u010dov\u00e1<\/td><td>381&nbsp;254 490, 778 537 395<br><a href=\"mailto:mscelkovice@zsmikulasezhusi.cz\">mscelkovice@zsmikulasezhusi.cz<\/a><\/td><\/tr><tr><td><strong>\u0160koln\u00ed metodik prevence:<\/strong> Mgr. Hana Pro\u0161kov\u00e1<\/td><td>381&nbsp;252 057<br><a href=\"mailto:preventista@zsmikulasezhusi.cz\">preventista@zsmikulasezhusi.cz<\/a><br>Konzulta\u010dn\u00ed hodiny: st\u0159eda 12:45 \u2013 13:30 hod.<\/td><\/tr><tr><td><strong>V\u00fdchovn\u00fd poradce:<\/strong> Mgr. Stanislava B\u011blohlavov\u00e1<\/td><td>381&nbsp;252 057<br><a href=\"mailto:vych.poradce@zsmikulasezhusi.cz\">vych.poradce@zsmikulasezhusi.cz<\/a><br>Konzulta\u010dn\u00ed hodiny: pond\u011bl\u00ed 7:15 \u2013 7:45 hod.<\/td><\/tr><tr><td><strong>Poradce pro volbu povol\u00e1n\u00ed:<\/strong> <br>Mgr. Libu\u0161e \u010cul\u00edkov\u00e1<\/td><td>381&nbsp;252&nbsp;057&nbsp; &nbsp;<a href=\"mailto:poradce.povolani@zsmikulasezhusi.cz\">poradce.povolani@zsmikulasezhusi.cz<\/a><br>Konzulta\u010dn\u00ed hodiny: st\u0159eda 10:00 \u2013 10:30 hod.<\/td><\/tr><tr><td><strong>\u0160koln\u00ed psycholog<\/strong>: Mgr. Jan Pla\u0161il<\/td><td>381 25 20 57, 778 707 676<br>E-mail:&nbsp;<a href=\"mailto:kancelar@zsmikulasezhusi.cz\">psycholog@zsmikulasezhusi.cz<\/a><br>Konzulta\u010dn\u00ed hodiny: \u00fater\u00fd 8:00 \u2013 15:30 hod.<\/td><\/tr><tr><td><strong>Spr\u00e1vce PC s\u00edt\u011b a ICT koordin\u00e1tor:<\/strong> <br>Mgr. Roman V\u011b\u017en\u00edk<\/td><td>spravcepc@zsmikulasezhusi.cz<\/td><\/tr><\/tbody><\/table><\/figure>\n","protected":false},"excerpt":{"rendered":"<p>Z\u00e1kladn\u00ed \u0161kola a Mate\u0159sk\u00e1 \u0161kola T\u00e1bor, n\u00e1m\u011bst\u00ed Mikul\u00e1\u0161e z Husi 45n\u00e1m. Mikul\u00e1\u0161e z Husi 45390 01 T\u00e1bor I\u010cO:&nbsp;00582590 ID datov\u00e9 &hellip; <\/p>\n","protected":false},"author":1,"featured_media":0,"parent":0,"menu_order":0,"comment_status":"closed","ping_status":"closed","template":"","meta":{"_editorskit_title_hidden":false,"_editorskit_reading_time":0,"_editorskit_is_block_options_detached":false,"_editorskit_block_options_position":"{}","footnotes":""},"class_list":["post-104","page","type-page","status-publish","hentry"],"featured_image_src":"","featured_image_src_square":false,"rbea_author_info":{"display_name":"admin","author_link":"https:\/\/zsmikulasezhusi.cz\/?author=1"},"rbea_excerpt_info":"Z\u00e1kladn\u00ed \u0161kola a Mate\u0159sk\u00e1 \u0161kola T\u00e1bor, n\u00e1m\u011bst\u00ed Mikul\u00e1\u0161e z Husi 45n\u00e1m. Mikul\u00e1\u0161e z Husi 45390 01 T\u00e1bor I\u010cO:&nbsp;00582590 ID datov\u00e9 &hellip; ","_links":{"self":[{"href":"https:\/\/zsmikulasezhusi.cz\/index.php?rest_route=\/wp\/v2\/pages\/104","targetHints":{"allow":["GET"]}}],"collection":[{"href":"https:\/\/zsmikulasezhusi.cz\/index.php?rest_route=\/wp\/v2\/pages"}],"about":[{"href":"https:\/\/zsmikulasezhusi.cz\/index.php?rest_route=\/wp\/v2\/types\/page"}],"author":[{"embeddable":true,"href":"https:\/\/zsmikulasezhusi.cz\/index.php?rest_route=\/wp\/v2\/users\/1"}],"replies":[{"embeddable":true,"href":"https:\/\/zsmikulasezhusi.cz\/index.php?rest_route=%2Fwp%2Fv2%2Fcomments&post=104"}],"version-history":[{"count":14,"href":"https:\/\/zsmikulasezhusi.cz\/index.php?rest_route=\/wp\/v2\/pages\/104\/revisions"}],"predecessor-version":[{"id":2452,"href":"https:\/\/zsmikulasezhusi.cz\/index.php?rest_route=\/wp\/v2\/pages\/104\/revisions\/2452"}],"wp:attachment":[{"href":"https:\/\/zsmikulasezhusi.cz\/index.php?rest_route=%2Fwp%2Fv2%2Fmedia&parent=104"}],"curies":[{"name":"wp","href":"https:\/\/api.w.org\/{rel}","templated":true}]}}